{"id":1553,"date":"2026-04-10T11:19:52","date_gmt":"2026-04-10T14:19:52","guid":{"rendered":"https:\/\/arquidiocesano.com\/ourobranco\/?page_id=1553"},"modified":"2026-04-28T18:29:10","modified_gmt":"2026-04-28T21:29:10","slug":"pontuacao-de-aprovacao","status":"publish","type":"page","link":"https:\/\/arquidiocesano.com\/ourobranco\/pedagogico\/processo-avaliativo\/pontuacao-de-aprovacao\/","title":{"rendered":"Pontua\u00e7\u00e3o de Aprova\u00e7\u00e3o"},"content":{"rendered":"\t\t<div data-elementor-type=\"wp-page\" data-elementor-id=\"1553\" class=\"elementor elementor-1553\" data-elementor-post-type=\"page\">\n\t\t\t\t<div class=\"elementor-element elementor-element-404f6de e-flex e-con-boxed e-con e-parent\" data-id=\"404f6de\" data-element_type=\"container\" data-e-type=\"container\" data-settings=\"{&quot;background_background&quot;:&quot;gradient&quot;}\">\n\t\t\t\t\t<div class=\"e-con-inner\">\n\t\t\t\t<div class=\"elementor-element elementor-element-ae1900d elementor-align-center elementor-mobile-align-left elementor-widget elementor-widget-breadcrumbs\" data-id=\"ae1900d\" data-element_type=\"widget\" data-e-type=\"widget\" data-widget_type=\"breadcrumbs.default\">\n\t\t\t\t\t<p id=\"breadcrumbs\"><span><span><a href=\"https:\/\/arquidiocesano.com\/ourobranco\/\">In\u00edcio<\/a><\/span><\/span><\/p>\t\t\t\t<\/div>\n\t\t\t\t<div class=\"elementor-element elementor-element-d764e13 elementor-widget elementor-widget-heading\" data-id=\"d764e13\" data-element_type=\"widget\" data-e-type=\"widget\" data-widget_type=\"heading.default\">\n\t\t\t\t\t<h1 class=\"elementor-heading-title elementor-size-default\">Pontua\u00e7\u00e3o de Aprova\u00e7\u00e3o<\/h1>\t\t\t\t<\/div>\n\t\t\t\t<div class=\"elementor-element elementor-element-edabf69 elementor-widget elementor-widget-heading\" data-id=\"edabf69\" data-element_type=\"widget\" data-e-type=\"widget\" data-widget_type=\"heading.default\">\n\t\t\t\t\t<h2 class=\"elementor-heading-title elementor-size-default\">Col\u00e9gio Arquidiocesano de Ouro Branco<\/h2>\t\t\t\t<\/div>\n\t\t\t\t\t<\/div>\n\t\t\t\t<\/div>\n\t\t<div class=\"elementor-element elementor-element-3f80102 e-flex e-con-boxed e-con e-parent\" data-id=\"3f80102\" data-element_type=\"container\" data-e-type=\"container\">\n\t\t\t\t\t<div class=\"e-con-inner\">\n\t\t\t\t<div class=\"elementor-element elementor-element-9ba04a8 elementor-widget elementor-widget-text-editor\" data-id=\"9ba04a8\" data-element_type=\"widget\" data-e-type=\"widget\" data-widget_type=\"text-editor.default\">\n\t\t\t\t\t\t\t\t\t<h5>Distribui\u00e7\u00e3o de Pontos<\/h5><p>O ano letivo do CAOB \u00e9 dividido em tr\u00eas Etapas Letivas, somando-se um total de 100 pontos. Sendo assim, as etapas t\u00eam os seguintes valores:<\/p><table width=\"250\"><tbody><tr><td width=\"149\"><strong>ETAPA<\/strong><\/td><td width=\"151\"><strong>VALOR<\/strong><\/td><\/tr><tr><td width=\"149\">1\u00aa<\/td><td width=\"151\">30,0<\/td><\/tr><tr><td width=\"149\">2\u00aa<\/td><td width=\"151\">30,0<\/td><\/tr><tr><td width=\"149\">3\u00aa<\/td><td width=\"151\">40,0<\/td><\/tr><tr><td width=\"149\">TOTAL<\/td><td width=\"151\">100,0<\/td><\/tr><\/tbody><\/table><p><strong>Observa\u00e7\u00e3o:<\/strong> O aluno dever\u00e1 obter 60% dos pontos distribu\u00eddos durante o ano, para promo\u00e7\u00e3o.<\/p><ul><li>Ap\u00f3s as datas de aplica\u00e7\u00e3o das avalia\u00e7\u00f5es o professor tem at\u00e9 10 dias \u00fateis para corre\u00e7\u00e3o das mesmas.<\/li><\/ul><h5><br \/>2\u00aa Chamada <\/h5><p>Ser\u00e1 concedida segunda oportunidade para realizar tarefas de avalia\u00e7\u00e3o ao aluno que, em at\u00e9 5 (cinco) dias \u00fateis ap\u00f3s a sua ocorr\u00eancia, requerer a 2\u00aa chamada, por escrito, ao Diretor da Unidade de Ensino, desde que comprove a aus\u00eancia por uma das seguintes situa\u00e7\u00f5es:<\/p><ul><li>Falecimento de familiares;<\/li><li>Consulta m\u00e9dica ou odontol\u00f3gica e exames laboratoriais de sa\u00fade;<\/li><li>Alistamento eleitoral ou militar;<\/li><li>Outro motivo relevante, assim considerado pela Dire\u00e7\u00e3o\/Coordena\u00e7\u00e3o da Unidade de Ensino.<\/li><\/ul><p>\u00a0<\/p><h5>Recupera\u00e7\u00e3o<\/h5><p>Recupera\u00e7\u00e3o concomitante \u2013 paralelamente durante o processo de ensino-aprendizagem, como a\u00e7\u00e3o docente habitualmente comprometida em promover condi\u00e7\u00f5es para recupera\u00e7\u00e3o das defici\u00eancias detectadas no desempenho do aluno;<\/p><p>A avalia\u00e7\u00e3o de recupera\u00e7\u00e3o para os alunos do 6\u00ba ao 9\u00ba ano do Ensino Fundamental II e da 1\u00aa \u00e0 3\u00aa s\u00e9rie do Ensino M\u00e9dio, aplicada ap\u00f3s o t\u00e9rmino de cada Etapa Letiva, obedecer\u00e1 aos seguintes crit\u00e9rios e procedimentos:<\/p><ol><li>Ap\u00f3s o t\u00e9rmino da I Etapa Letiva, em at\u00e9 4(quatro) componentes curriculares em que o resultado for inferior a 60%(sessenta por cento) do m\u00e1ximo de pontos da Etapa conclu\u00edda;<\/li><li>Ap\u00f3s o t\u00e9rmino da II Etapa, em at\u00e9 4 (quatro) componentes curriculares em que o resultado for inferior a 60% (sessenta por cento) do m\u00e1ximo de pontos acumulados at\u00e9 a etapa conclu\u00edda;<\/li><li>Ap\u00f3s o t\u00e9rmino da III Etapa Letiva, em at\u00e9 3 (tr\u00eas) componentes curriculares em que o aproveitamento for igual ou superior a 40 (quarenta) pontos e inferior a 60 (sessenta) pontos do m\u00e1ximo de pontos acumulados at\u00e9 a etapa conclu\u00edda;<\/li><li>Ap\u00f3s o t\u00e9rmino da III Etapa Letiva, o Aluno que n\u00e3o obtiver o aproveitamento m\u00ednimo de 40% (quarenta por cento) do total de pontos acumulados at\u00e9 essa Etapa conclu\u00edda em um ou mais componentes curriculares ser\u00e1 considerado reprovado.<\/li><\/ol>\t\t\t\t\t\t\t\t<\/div>\n\t\t\t\t\t<\/div>\n\t\t\t\t<\/div>\n\t\t\t\t<\/div>\n\t\t","protected":false},"excerpt":{"rendered":"<p>Pontua\u00e7\u00e3o de Aprova\u00e7\u00e3o Col\u00e9gio Arquidiocesano de Ouro Branco Distribui\u00e7\u00e3o de Pontos O ano letivo do CAOB \u00e9 dividido em tr\u00eas Etapas Letivas, somando-se um total de 100 pontos. Sendo assim, as etapas t\u00eam os seguintes valores: ETAPA VALOR 1\u00aa 30,0 2\u00aa 30,0 3\u00aa 40,0 TOTAL 100,0 Observa\u00e7\u00e3o: O aluno dever\u00e1 obter 60% dos pontos distribu\u00eddos [&hellip;]<\/p>\n","protected":false},"author":1,"featured_media":0,"parent":1549,"menu_order":0,"comment_status":"closed","ping_status":"closed","template":"","meta":{"inline_featured_image":false,"footnotes":""},"class_list":["post-1553","page","type-page","status-publish","hentry"],"yoast_head":"<!-- This site is optimized with the Yoast SEO plugin v27.4 - https:\/\/yoast.com\/product\/yoast-seo-wordpress\/ -->\n<title>Pontua\u00e7\u00e3o de Aprova\u00e7\u00e3o - CAOB<\/title>\n<meta name=\"robots\" content=\"index, follow, max-snippet:-1, max-image-preview:large, max-video-preview:-1\" \/>\n<link rel=\"canonical\" href=\"https:\/\/arquidiocesano.com\/ourobranco\/pedagogico\/processo-avaliativo\/pontuacao-de-aprovacao\/\" \/>\n<meta property=\"og:locale\" content=\"pt_BR\" \/>\n<meta property=\"og:type\" content=\"article\" \/>\n<meta property=\"og:title\" content=\"Pontua\u00e7\u00e3o de Aprova\u00e7\u00e3o - CAOB\" \/>\n<meta property=\"og:description\" content=\"Pontua\u00e7\u00e3o de Aprova\u00e7\u00e3o Col\u00e9gio Arquidiocesano de Ouro Branco Distribui\u00e7\u00e3o de Pontos O ano letivo do CAOB \u00e9 dividido em tr\u00eas Etapas Letivas, somando-se um total de 100 pontos. Sendo assim, as etapas t\u00eam os seguintes valores: ETAPA VALOR 1\u00aa 30,0 2\u00aa 30,0 3\u00aa 40,0 TOTAL 100,0 Observa\u00e7\u00e3o: O aluno dever\u00e1 obter 60% dos pontos distribu\u00eddos [&hellip;]\" \/>\n<meta property=\"og:url\" content=\"https:\/\/arquidiocesano.com\/ourobranco\/pedagogico\/processo-avaliativo\/pontuacao-de-aprovacao\/\" \/>\n<meta property=\"og:site_name\" content=\"CAOB\" \/>\n<meta property=\"article:publisher\" content=\"https:\/\/www.facebook.com\/CAOB2016\" \/>\n<meta property=\"article:modified_time\" content=\"2026-04-28T21:29:10+00:00\" \/>\n<meta name=\"twitter:card\" content=\"summary_large_image\" \/>\n<meta name=\"twitter:label1\" content=\"Est. tempo de leitura\" \/>\n\t<meta name=\"twitter:data1\" content=\"2 minutos\" \/>\n<script type=\"application\/ld+json\" class=\"yoast-schema-graph\">{\"@context\":\"https:\\\/\\\/schema.org\",\"@graph\":[{\"@type\":\"WebPage\",\"@id\":\"https:\\\/\\\/arquidiocesano.com\\\/ourobranco\\\/pedagogico\\\/processo-avaliativo\\\/pontuacao-de-aprovacao\\\/\",\"url\":\"https:\\\/\\\/arquidiocesano.com\\\/ourobranco\\\/pedagogico\\\/processo-avaliativo\\\/pontuacao-de-aprovacao\\\/\",\"name\":\"Pontua\u00e7\u00e3o de Aprova\u00e7\u00e3o - CAOB\",\"isPartOf\":{\"@id\":\"https:\\\/\\\/arquidiocesano.com\\\/ourobranco\\\/#website\"},\"datePublished\":\"2026-04-10T14:19:52+00:00\",\"dateModified\":\"2026-04-28T21:29:10+00:00\",\"breadcrumb\":{\"@id\":\"https:\\\/\\\/arquidiocesano.com\\\/ourobranco\\\/pedagogico\\\/processo-avaliativo\\\/pontuacao-de-aprovacao\\\/#breadcrumb\"},\"inLanguage\":\"pt-BR\",\"potentialAction\":[{\"@type\":\"ReadAction\",\"target\":[\"https:\\\/\\\/arquidiocesano.com\\\/ourobranco\\\/pedagogico\\\/processo-avaliativo\\\/pontuacao-de-aprovacao\\\/\"]}]},{\"@type\":\"BreadcrumbList\",\"@id\":\"https:\\\/\\\/arquidiocesano.com\\\/ourobranco\\\/pedagogico\\\/processo-avaliativo\\\/pontuacao-de-aprovacao\\\/#breadcrumb\",\"itemListElement\":[{\"@type\":\"ListItem\",\"position\":1,\"name\":\"In\u00edcio\",\"item\":\"https:\\\/\\\/arquidiocesano.com\\\/ourobranco\\\/\"},{\"@type\":\"ListItem\",\"position\":2,\"name\":\"Pedag\u00f3gico\",\"item\":\"https:\\\/\\\/arquidiocesano.com\\\/ourobranco\\\/pedagogico\\\/\"},{\"@type\":\"ListItem\",\"position\":3,\"name\":\"Processo Avaliativo\",\"item\":\"https:\\\/\\\/arquidiocesano.com\\\/ourobranco\\\/pedagogico\\\/processo-avaliativo\\\/\"},{\"@type\":\"ListItem\",\"position\":4,\"name\":\"Pontua\u00e7\u00e3o de Aprova\u00e7\u00e3o\"}]},{\"@type\":\"WebSite\",\"@id\":\"https:\\\/\\\/arquidiocesano.com\\\/ourobranco\\\/#website\",\"url\":\"https:\\\/\\\/arquidiocesano.com\\\/ourobranco\\\/\",\"name\":\"CAOB\",\"description\":\"Col\u00e9gio Arquidiocesano de Ouro Branco\",\"publisher\":{\"@id\":\"https:\\\/\\\/arquidiocesano.com\\\/ourobranco\\\/#organization\"},\"potentialAction\":[{\"@type\":\"SearchAction\",\"target\":{\"@type\":\"EntryPoint\",\"urlTemplate\":\"https:\\\/\\\/arquidiocesano.com\\\/ourobranco\\\/?s={search_term_string}\"},\"query-input\":{\"@type\":\"PropertyValueSpecification\",\"valueRequired\":true,\"valueName\":\"search_term_string\"}}],\"inLanguage\":\"pt-BR\"},{\"@type\":\"Organization\",\"@id\":\"https:\\\/\\\/arquidiocesano.com\\\/ourobranco\\\/#organization\",\"name\":\"Col\u00e9gio Arquidiocesano de Ouro Branco\",\"url\":\"https:\\\/\\\/arquidiocesano.com\\\/ourobranco\\\/\",\"logo\":{\"@type\":\"ImageObject\",\"inLanguage\":\"pt-BR\",\"@id\":\"https:\\\/\\\/arquidiocesano.com\\\/ourobranco\\\/#\\\/schema\\\/logo\\\/image\\\/\",\"url\":\"https:\\\/\\\/arquidiocesano.com\\\/ourobranco\\\/wp-content\\\/uploads\\\/2026\\\/04\\\/caob-imagem-destacada.png\",\"contentUrl\":\"https:\\\/\\\/arquidiocesano.com\\\/ourobranco\\\/wp-content\\\/uploads\\\/2026\\\/04\\\/caob-imagem-destacada.png\",\"width\":1200,\"height\":1200,\"caption\":\"Col\u00e9gio Arquidiocesano de Ouro Branco\"},\"image\":{\"@id\":\"https:\\\/\\\/arquidiocesano.com\\\/ourobranco\\\/#\\\/schema\\\/logo\\\/image\\\/\"},\"sameAs\":[\"https:\\\/\\\/www.facebook.com\\\/CAOB2016\",\"https:\\\/\\\/www.instagram.com\\\/caobourobranco\\\/\"]}]}<\/script>\n<!-- \/ Yoast SEO plugin. -->","yoast_head_json":{"title":"Pontua\u00e7\u00e3o de Aprova\u00e7\u00e3o - CAOB","robots":{"index":"index","follow":"follow","max-snippet":"max-snippet:-1","max-image-preview":"max-image-preview:large","max-video-preview":"max-video-preview:-1"},"canonical":"https:\/\/arquidiocesano.com\/ourobranco\/pedagogico\/processo-avaliativo\/pontuacao-de-aprovacao\/","og_locale":"pt_BR","og_type":"article","og_title":"Pontua\u00e7\u00e3o de Aprova\u00e7\u00e3o - CAOB","og_description":"Pontua\u00e7\u00e3o de Aprova\u00e7\u00e3o Col\u00e9gio Arquidiocesano de Ouro Branco Distribui\u00e7\u00e3o de Pontos O ano letivo do CAOB \u00e9 dividido em tr\u00eas Etapas Letivas, somando-se um total de 100 pontos. Sendo assim, as etapas t\u00eam os seguintes valores: ETAPA VALOR 1\u00aa 30,0 2\u00aa 30,0 3\u00aa 40,0 TOTAL 100,0 Observa\u00e7\u00e3o: O aluno dever\u00e1 obter 60% dos pontos distribu\u00eddos [&hellip;]","og_url":"https:\/\/arquidiocesano.com\/ourobranco\/pedagogico\/processo-avaliativo\/pontuacao-de-aprovacao\/","og_site_name":"CAOB","article_publisher":"https:\/\/www.facebook.com\/CAOB2016","article_modified_time":"2026-04-28T21:29:10+00:00","twitter_card":"summary_large_image","twitter_misc":{"Est. tempo de leitura":"2 minutos"},"schema":{"@context":"https:\/\/schema.org","@graph":[{"@type":"WebPage","@id":"https:\/\/arquidiocesano.com\/ourobranco\/pedagogico\/processo-avaliativo\/pontuacao-de-aprovacao\/","url":"https:\/\/arquidiocesano.com\/ourobranco\/pedagogico\/processo-avaliativo\/pontuacao-de-aprovacao\/","name":"Pontua\u00e7\u00e3o de Aprova\u00e7\u00e3o - CAOB","isPartOf":{"@id":"https:\/\/arquidiocesano.com\/ourobranco\/#website"},"datePublished":"2026-04-10T14:19:52+00:00","dateModified":"2026-04-28T21:29:10+00:00","breadcrumb":{"@id":"https:\/\/arquidiocesano.com\/ourobranco\/pedagogico\/processo-avaliativo\/pontuacao-de-aprovacao\/#breadcrumb"},"inLanguage":"pt-BR","potentialAction":[{"@type":"ReadAction","target":["https:\/\/arquidiocesano.com\/ourobranco\/pedagogico\/processo-avaliativo\/pontuacao-de-aprovacao\/"]}]},{"@type":"BreadcrumbList","@id":"https:\/\/arquidiocesano.com\/ourobranco\/pedagogico\/processo-avaliativo\/pontuacao-de-aprovacao\/#breadcrumb","itemListElement":[{"@type":"ListItem","position":1,"name":"In\u00edcio","item":"https:\/\/arquidiocesano.com\/ourobranco\/"},{"@type":"ListItem","position":2,"name":"Pedag\u00f3gico","item":"https:\/\/arquidiocesano.com\/ourobranco\/pedagogico\/"},{"@type":"ListItem","position":3,"name":"Processo Avaliativo","item":"https:\/\/arquidiocesano.com\/ourobranco\/pedagogico\/processo-avaliativo\/"},{"@type":"ListItem","position":4,"name":"Pontua\u00e7\u00e3o de Aprova\u00e7\u00e3o"}]},{"@type":"WebSite","@id":"https:\/\/arquidiocesano.com\/ourobranco\/#website","url":"https:\/\/arquidiocesano.com\/ourobranco\/","name":"CAOB","description":"Col\u00e9gio Arquidiocesano de Ouro Branco","publisher":{"@id":"https:\/\/arquidiocesano.com\/ourobranco\/#organization"},"potentialAction":[{"@type":"SearchAction","target":{"@type":"EntryPoint","urlTemplate":"https:\/\/arquidiocesano.com\/ourobranco\/?s={search_term_string}"},"query-input":{"@type":"PropertyValueSpecification","valueRequired":true,"valueName":"search_term_string"}}],"inLanguage":"pt-BR"},{"@type":"Organization","@id":"https:\/\/arquidiocesano.com\/ourobranco\/#organization","name":"Col\u00e9gio Arquidiocesano de Ouro Branco","url":"https:\/\/arquidiocesano.com\/ourobranco\/","logo":{"@type":"ImageObject","inLanguage":"pt-BR","@id":"https:\/\/arquidiocesano.com\/ourobranco\/#\/schema\/logo\/image\/","url":"https:\/\/arquidiocesano.com\/ourobranco\/wp-content\/uploads\/2026\/04\/caob-imagem-destacada.png","contentUrl":"https:\/\/arquidiocesano.com\/ourobranco\/wp-content\/uploads\/2026\/04\/caob-imagem-destacada.png","width":1200,"height":1200,"caption":"Col\u00e9gio Arquidiocesano de Ouro Branco"},"image":{"@id":"https:\/\/arquidiocesano.com\/ourobranco\/#\/schema\/logo\/image\/"},"sameAs":["https:\/\/www.facebook.com\/CAOB2016","https:\/\/www.instagram.com\/caobourobranco\/"]}]}},"_links":{"self":[{"href":"https:\/\/arquidiocesano.com\/ourobranco\/wp-json\/wp\/v2\/pages\/1553","targetHints":{"allow":["GET"]}}],"collection":[{"href":"https:\/\/arquidiocesano.com\/ourobranco\/wp-json\/wp\/v2\/pages"}],"about":[{"href":"https:\/\/arquidiocesano.com\/ourobranco\/wp-json\/wp\/v2\/types\/page"}],"author":[{"embeddable":true,"href":"https:\/\/arquidiocesano.com\/ourobranco\/wp-json\/wp\/v2\/users\/1"}],"replies":[{"embeddable":true,"href":"https:\/\/arquidiocesano.com\/ourobranco\/wp-json\/wp\/v2\/comments?post=1553"}],"version-history":[{"count":17,"href":"https:\/\/arquidiocesano.com\/ourobranco\/wp-json\/wp\/v2\/pages\/1553\/revisions"}],"predecessor-version":[{"id":2186,"href":"https:\/\/arquidiocesano.com\/ourobranco\/wp-json\/wp\/v2\/pages\/1553\/revisions\/2186"}],"up":[{"embeddable":true,"href":"https:\/\/arquidiocesano.com\/ourobranco\/wp-json\/wp\/v2\/pages\/1549"}],"wp:attachment":[{"href":"https:\/\/arquidiocesano.com\/ourobranco\/wp-json\/wp\/v2\/media?parent=1553"}],"curies":[{"name":"wp","href":"https:\/\/api.w.org\/{rel}","templated":true}]}}