{"id":1436,"date":"2026-04-10T10:15:40","date_gmt":"2026-04-10T13:15:40","guid":{"rendered":"https:\/\/arquidiocesano.com\/ourobranco\/?page_id=1436"},"modified":"2026-04-10T11:04:06","modified_gmt":"2026-04-10T14:04:06","slug":"seguro-educacional","status":"publish","type":"page","link":"https:\/\/arquidiocesano.com\/ourobranco\/pedagogico\/apoio-ao-aluno\/seguro-educacional\/","title":{"rendered":"Seguro Educacional"},"content":{"rendered":"\t\t<div data-elementor-type=\"wp-page\" data-elementor-id=\"1436\" class=\"elementor elementor-1436\" data-elementor-post-type=\"page\">\n\t\t\t\t<div class=\"elementor-element elementor-element-2ba1af9 e-flex e-con-boxed e-con e-parent\" data-id=\"2ba1af9\" data-element_type=\"container\" data-e-type=\"container\" data-settings=\"{&quot;background_background&quot;:&quot;gradient&quot;}\">\n\t\t\t\t\t<div class=\"e-con-inner\">\n\t\t\t\t<div class=\"elementor-element elementor-element-df973db elementor-align-center elementor-mobile-align-left elementor-widget elementor-widget-breadcrumbs\" data-id=\"df973db\" data-element_type=\"widget\" data-e-type=\"widget\" data-widget_type=\"breadcrumbs.default\">\n\t\t\t\t\t<p id=\"breadcrumbs\"><span><span><a href=\"https:\/\/arquidiocesano.com\/ourobranco\/\">In\u00edcio<\/a><\/span><\/span><\/p>\t\t\t\t<\/div>\n\t\t\t\t<div class=\"elementor-element elementor-element-600035a elementor-widget elementor-widget-heading\" data-id=\"600035a\" data-element_type=\"widget\" data-e-type=\"widget\" data-widget_type=\"heading.default\">\n\t\t\t\t\t<h1 class=\"elementor-heading-title elementor-size-default\">Seguro Educacional<\/h1>\t\t\t\t<\/div>\n\t\t\t\t<div class=\"elementor-element elementor-element-d2e0acd elementor-widget elementor-widget-heading\" data-id=\"d2e0acd\" data-element_type=\"widget\" data-e-type=\"widget\" data-widget_type=\"heading.default\">\n\t\t\t\t\t<h2 class=\"elementor-heading-title elementor-size-default\">Col\u00e9gio Arquidiocesano de Ouro Branco<\/h2>\t\t\t\t<\/div>\n\t\t\t\t\t<\/div>\n\t\t\t\t<\/div>\n\t\t<div class=\"elementor-element elementor-element-91a26aa e-flex e-con-boxed e-con e-parent\" data-id=\"91a26aa\" data-element_type=\"container\" data-e-type=\"container\">\n\t\t\t\t\t<div class=\"e-con-inner\">\n\t\t\t\t<div class=\"elementor-element elementor-element-1ef71aa elementor-widget elementor-widget-text-editor\" data-id=\"1ef71aa\" data-element_type=\"widget\" data-e-type=\"widget\" data-widget_type=\"text-editor.default\">\n\t\t\t\t\t\t\t\t\t<p>O Col\u00e9gio Arquidiocesano de Ouro Branco, desde 2017, est\u00e1 assegurado pela <strong>AXA Seguros S\/A<\/strong>, atrav\u00e9s do Seguro Escolar<strong>\u00a0UNIVIDA<\/strong>. A mudan\u00e7a ocorreu, principalmente, pela empresa securit\u00e1ria ser conveniada com a Santa Casa de Ouro Preto e por abranger, al\u00e9m das coberturas oferecidas pela seguradora dos anos anteriores, o Mal S\u00fabito.<\/p><p><b>Coberturas para o Seguro UNIVIDA:<br \/><\/b><\/p><h5><br \/>Morte Acidental<\/h5><p>Garante aos(s) benefici\u00e1rio(s) do Segurado o pagamento do Capital Segurado Contratado. Para menores de 14 anos o capital segurado est\u00e1 limitado ao reembolso de despesas com funeral.<\/p><h5><br \/>Invalidez Permanente Total\/Parcial por Acidente<\/h5><p>Garante ao Segurado, em caso de sua invalidez permanente, total ou parcial por acidente, o pagamento do Capital Segurado Individual.<\/p><h5><br \/>Despesas M\u00e9dico-Hospitalares e Odontol\u00f3gicas<\/h5><p>Garante ao Segurado a realiza\u00e7\u00e3o de atendimento m\u00e9dico-hospitalar e\/ou odontol\u00f3gico, atrav\u00e9s do\u00a0<strong>Servi\u00e7o De Assist\u00eancia 24 horas (0800-2020207)<\/strong>, em caso de acidente pessoal coberto.<\/p><p>Garante o reembolso total ou parcial, caso o atendimento n\u00e3o tenha sido realizado atrav\u00e9s do\u00a0<strong>Servi\u00e7o De Assist\u00eancia 24 horas (0800-2020207)<\/strong>.<\/p><p><strong>Dever\u00e3o ser observados os crit\u00e9rios a seguir:<\/strong><\/p><ul><li>O Segurado ou seu Representante dever\u00e1 acionar o\u00a0<strong>Servi\u00e7o De Assist\u00eancia 24 horas (0800-2020207)<\/strong>, que indicar\u00e1 os hospitais credenciados mais pr\u00f3ximos, assim como os demais procedimentos a serem tomados, isentando o segurado de quaisquer Despesas M\u00e9dico-Hispitalares e\/ou Odontol\u00f3gicas, at\u00e9 o limite do valor contratado.<\/li><li>Ap\u00f3s contato com o\u00a0<strong>Servi\u00e7o De Assist\u00eancia 24 horas (0800-2020207)<\/strong>, caso utilize atendimento fora da rede credenciada, o Segurado dever\u00e1 pagar o valor integral de suas despesas e solicitar o reembolso \u00e0 Seguradora, mediante a apresenta\u00e7\u00e3o dos comprovantes originais das despesas e relat\u00f3rios m\u00e9dicos.<br \/><br \/><\/li><\/ul><p><strong>Abrang\u00eancia do Seguro:<\/strong><\/p><ul><li>Refer\u00eancia M\u00e9dica por Acidente;<\/li><li>Remo\u00e7\u00e3o M\u00e9dica Inter-Hospitalar;<\/li><li>Professor Particular;<\/li><li>Transporte do Segurado em caso de Les\u00e3o por acidente pessoal;<\/li><li>Transporte para Tratamento Fisioter\u00e1pico;<\/li><li>Mal S\u00fabito;<\/li><li>Exames Investigativos em caso de acidente.<br \/><br \/><\/li><\/ul><p><strong>OBS:\u00a0<\/strong>A abrang\u00eancia do Seguro<strong>\u00a0UNIVIDA\u00a0<\/strong>segue crit\u00e9rios e limites impostos pela Seguradora\u00a0<strong>AXA Seguros S\/A.<\/strong><\/p>\t\t\t\t\t\t\t\t<\/div>\n\t\t\t\t\t<\/div>\n\t\t\t\t<\/div>\n\t\t\t\t<\/div>\n\t\t","protected":false},"excerpt":{"rendered":"<p>Seguro Educacional Col\u00e9gio Arquidiocesano de Ouro Branco O Col\u00e9gio Arquidiocesano de Ouro Branco, desde 2017, est\u00e1 assegurado pela AXA Seguros S\/A, atrav\u00e9s do Seguro Escolar\u00a0UNIVIDA. A mudan\u00e7a ocorreu, principalmente, pela empresa securit\u00e1ria ser conveniada com a Santa Casa de Ouro Preto e por abranger, al\u00e9m das coberturas oferecidas pela seguradora dos anos anteriores, o Mal [&hellip;]<\/p>\n","protected":false},"author":1,"featured_media":0,"parent":1418,"menu_order":0,"comment_status":"closed","ping_status":"closed","template":"","meta":{"inline_featured_image":false,"footnotes":""},"class_list":["post-1436","page","type-page","status-publish","hentry"],"yoast_head":"<!-- This site is optimized with the Yoast SEO plugin v27.4 - https:\/\/yoast.com\/product\/yoast-seo-wordpress\/ -->\n<title>Seguro Educacional - CAOB<\/title>\n<meta name=\"robots\" content=\"index, follow, max-snippet:-1, max-image-preview:large, max-video-preview:-1\" \/>\n<link rel=\"canonical\" href=\"https:\/\/arquidiocesano.com\/ourobranco\/pedagogico\/apoio-ao-aluno\/seguro-educacional\/\" \/>\n<meta property=\"og:locale\" content=\"pt_BR\" \/>\n<meta property=\"og:type\" content=\"article\" \/>\n<meta property=\"og:title\" content=\"Seguro Educacional - CAOB\" \/>\n<meta property=\"og:description\" content=\"Seguro Educacional Col\u00e9gio Arquidiocesano de Ouro Branco O Col\u00e9gio Arquidiocesano de Ouro Branco, desde 2017, est\u00e1 assegurado pela AXA Seguros S\/A, atrav\u00e9s do Seguro Escolar\u00a0UNIVIDA. A mudan\u00e7a ocorreu, principalmente, pela empresa securit\u00e1ria ser conveniada com a Santa Casa de Ouro Preto e por abranger, al\u00e9m das coberturas oferecidas pela seguradora dos anos anteriores, o Mal [&hellip;]\" \/>\n<meta property=\"og:url\" content=\"https:\/\/arquidiocesano.com\/ourobranco\/pedagogico\/apoio-ao-aluno\/seguro-educacional\/\" \/>\n<meta property=\"og:site_name\" content=\"CAOB\" \/>\n<meta property=\"article:publisher\" content=\"https:\/\/www.facebook.com\/CAOB2016\" \/>\n<meta property=\"article:modified_time\" content=\"2026-04-10T14:04:06+00:00\" \/>\n<meta name=\"twitter:card\" content=\"summary_large_image\" \/>\n<meta name=\"twitter:label1\" content=\"Est. tempo de leitura\" \/>\n\t<meta name=\"twitter:data1\" content=\"2 minutos\" \/>\n<script type=\"application\/ld+json\" class=\"yoast-schema-graph\">{\"@context\":\"https:\\\/\\\/schema.org\",\"@graph\":[{\"@type\":\"WebPage\",\"@id\":\"https:\\\/\\\/arquidiocesano.com\\\/ourobranco\\\/pedagogico\\\/apoio-ao-aluno\\\/seguro-educacional\\\/\",\"url\":\"https:\\\/\\\/arquidiocesano.com\\\/ourobranco\\\/pedagogico\\\/apoio-ao-aluno\\\/seguro-educacional\\\/\",\"name\":\"Seguro Educacional - CAOB\",\"isPartOf\":{\"@id\":\"https:\\\/\\\/arquidiocesano.com\\\/ourobranco\\\/#website\"},\"datePublished\":\"2026-04-10T13:15:40+00:00\",\"dateModified\":\"2026-04-10T14:04:06+00:00\",\"breadcrumb\":{\"@id\":\"https:\\\/\\\/arquidiocesano.com\\\/ourobranco\\\/pedagogico\\\/apoio-ao-aluno\\\/seguro-educacional\\\/#breadcrumb\"},\"inLanguage\":\"pt-BR\",\"potentialAction\":[{\"@type\":\"ReadAction\",\"target\":[\"https:\\\/\\\/arquidiocesano.com\\\/ourobranco\\\/pedagogico\\\/apoio-ao-aluno\\\/seguro-educacional\\\/\"]}]},{\"@type\":\"BreadcrumbList\",\"@id\":\"https:\\\/\\\/arquidiocesano.com\\\/ourobranco\\\/pedagogico\\\/apoio-ao-aluno\\\/seguro-educacional\\\/#breadcrumb\",\"itemListElement\":[{\"@type\":\"ListItem\",\"position\":1,\"name\":\"In\u00edcio\",\"item\":\"https:\\\/\\\/arquidiocesano.com\\\/ourobranco\\\/\"},{\"@type\":\"ListItem\",\"position\":2,\"name\":\"Pedag\u00f3gico\",\"item\":\"https:\\\/\\\/arquidiocesano.com\\\/ourobranco\\\/pedagogico\\\/\"},{\"@type\":\"ListItem\",\"position\":3,\"name\":\"Apoio ao Aluno\",\"item\":\"https:\\\/\\\/arquidiocesano.com\\\/ourobranco\\\/pedagogico\\\/apoio-ao-aluno\\\/\"},{\"@type\":\"ListItem\",\"position\":4,\"name\":\"Seguro Educacional\"}]},{\"@type\":\"WebSite\",\"@id\":\"https:\\\/\\\/arquidiocesano.com\\\/ourobranco\\\/#website\",\"url\":\"https:\\\/\\\/arquidiocesano.com\\\/ourobranco\\\/\",\"name\":\"CAOB\",\"description\":\"Col\u00e9gio Arquidiocesano de Ouro Branco\",\"publisher\":{\"@id\":\"https:\\\/\\\/arquidiocesano.com\\\/ourobranco\\\/#organization\"},\"potentialAction\":[{\"@type\":\"SearchAction\",\"target\":{\"@type\":\"EntryPoint\",\"urlTemplate\":\"https:\\\/\\\/arquidiocesano.com\\\/ourobranco\\\/?s={search_term_string}\"},\"query-input\":{\"@type\":\"PropertyValueSpecification\",\"valueRequired\":true,\"valueName\":\"search_term_string\"}}],\"inLanguage\":\"pt-BR\"},{\"@type\":\"Organization\",\"@id\":\"https:\\\/\\\/arquidiocesano.com\\\/ourobranco\\\/#organization\",\"name\":\"Col\u00e9gio Arquidiocesano de Ouro Branco\",\"url\":\"https:\\\/\\\/arquidiocesano.com\\\/ourobranco\\\/\",\"logo\":{\"@type\":\"ImageObject\",\"inLanguage\":\"pt-BR\",\"@id\":\"https:\\\/\\\/arquidiocesano.com\\\/ourobranco\\\/#\\\/schema\\\/logo\\\/image\\\/\",\"url\":\"https:\\\/\\\/arquidiocesano.com\\\/ourobranco\\\/wp-content\\\/uploads\\\/2026\\\/04\\\/caob-imagem-destacada.png\",\"contentUrl\":\"https:\\\/\\\/arquidiocesano.com\\\/ourobranco\\\/wp-content\\\/uploads\\\/2026\\\/04\\\/caob-imagem-destacada.png\",\"width\":1200,\"height\":1200,\"caption\":\"Col\u00e9gio Arquidiocesano de Ouro Branco\"},\"image\":{\"@id\":\"https:\\\/\\\/arquidiocesano.com\\\/ourobranco\\\/#\\\/schema\\\/logo\\\/image\\\/\"},\"sameAs\":[\"https:\\\/\\\/www.facebook.com\\\/CAOB2016\",\"https:\\\/\\\/www.instagram.com\\\/caobourobranco\\\/\"]}]}<\/script>\n<!-- \/ Yoast SEO plugin. -->","yoast_head_json":{"title":"Seguro Educacional - CAOB","robots":{"index":"index","follow":"follow","max-snippet":"max-snippet:-1","max-image-preview":"max-image-preview:large","max-video-preview":"max-video-preview:-1"},"canonical":"https:\/\/arquidiocesano.com\/ourobranco\/pedagogico\/apoio-ao-aluno\/seguro-educacional\/","og_locale":"pt_BR","og_type":"article","og_title":"Seguro Educacional - CAOB","og_description":"Seguro Educacional Col\u00e9gio Arquidiocesano de Ouro Branco O Col\u00e9gio Arquidiocesano de Ouro Branco, desde 2017, est\u00e1 assegurado pela AXA Seguros S\/A, atrav\u00e9s do Seguro Escolar\u00a0UNIVIDA. A mudan\u00e7a ocorreu, principalmente, pela empresa securit\u00e1ria ser conveniada com a Santa Casa de Ouro Preto e por abranger, al\u00e9m das coberturas oferecidas pela seguradora dos anos anteriores, o Mal [&hellip;]","og_url":"https:\/\/arquidiocesano.com\/ourobranco\/pedagogico\/apoio-ao-aluno\/seguro-educacional\/","og_site_name":"CAOB","article_publisher":"https:\/\/www.facebook.com\/CAOB2016","article_modified_time":"2026-04-10T14:04:06+00:00","twitter_card":"summary_large_image","twitter_misc":{"Est. tempo de leitura":"2 minutos"},"schema":{"@context":"https:\/\/schema.org","@graph":[{"@type":"WebPage","@id":"https:\/\/arquidiocesano.com\/ourobranco\/pedagogico\/apoio-ao-aluno\/seguro-educacional\/","url":"https:\/\/arquidiocesano.com\/ourobranco\/pedagogico\/apoio-ao-aluno\/seguro-educacional\/","name":"Seguro Educacional - CAOB","isPartOf":{"@id":"https:\/\/arquidiocesano.com\/ourobranco\/#website"},"datePublished":"2026-04-10T13:15:40+00:00","dateModified":"2026-04-10T14:04:06+00:00","breadcrumb":{"@id":"https:\/\/arquidiocesano.com\/ourobranco\/pedagogico\/apoio-ao-aluno\/seguro-educacional\/#breadcrumb"},"inLanguage":"pt-BR","potentialAction":[{"@type":"ReadAction","target":["https:\/\/arquidiocesano.com\/ourobranco\/pedagogico\/apoio-ao-aluno\/seguro-educacional\/"]}]},{"@type":"BreadcrumbList","@id":"https:\/\/arquidiocesano.com\/ourobranco\/pedagogico\/apoio-ao-aluno\/seguro-educacional\/#breadcrumb","itemListElement":[{"@type":"ListItem","position":1,"name":"In\u00edcio","item":"https:\/\/arquidiocesano.com\/ourobranco\/"},{"@type":"ListItem","position":2,"name":"Pedag\u00f3gico","item":"https:\/\/arquidiocesano.com\/ourobranco\/pedagogico\/"},{"@type":"ListItem","position":3,"name":"Apoio ao Aluno","item":"https:\/\/arquidiocesano.com\/ourobranco\/pedagogico\/apoio-ao-aluno\/"},{"@type":"ListItem","position":4,"name":"Seguro Educacional"}]},{"@type":"WebSite","@id":"https:\/\/arquidiocesano.com\/ourobranco\/#website","url":"https:\/\/arquidiocesano.com\/ourobranco\/","name":"CAOB","description":"Col\u00e9gio Arquidiocesano de Ouro Branco","publisher":{"@id":"https:\/\/arquidiocesano.com\/ourobranco\/#organization"},"potentialAction":[{"@type":"SearchAction","target":{"@type":"EntryPoint","urlTemplate":"https:\/\/arquidiocesano.com\/ourobranco\/?s={search_term_string}"},"query-input":{"@type":"PropertyValueSpecification","valueRequired":true,"valueName":"search_term_string"}}],"inLanguage":"pt-BR"},{"@type":"Organization","@id":"https:\/\/arquidiocesano.com\/ourobranco\/#organization","name":"Col\u00e9gio Arquidiocesano de Ouro Branco","url":"https:\/\/arquidiocesano.com\/ourobranco\/","logo":{"@type":"ImageObject","inLanguage":"pt-BR","@id":"https:\/\/arquidiocesano.com\/ourobranco\/#\/schema\/logo\/image\/","url":"https:\/\/arquidiocesano.com\/ourobranco\/wp-content\/uploads\/2026\/04\/caob-imagem-destacada.png","contentUrl":"https:\/\/arquidiocesano.com\/ourobranco\/wp-content\/uploads\/2026\/04\/caob-imagem-destacada.png","width":1200,"height":1200,"caption":"Col\u00e9gio Arquidiocesano de Ouro Branco"},"image":{"@id":"https:\/\/arquidiocesano.com\/ourobranco\/#\/schema\/logo\/image\/"},"sameAs":["https:\/\/www.facebook.com\/CAOB2016","https:\/\/www.instagram.com\/caobourobranco\/"]}]}},"_links":{"self":[{"href":"https:\/\/arquidiocesano.com\/ourobranco\/wp-json\/wp\/v2\/pages\/1436","targetHints":{"allow":["GET"]}}],"collection":[{"href":"https:\/\/arquidiocesano.com\/ourobranco\/wp-json\/wp\/v2\/pages"}],"about":[{"href":"https:\/\/arquidiocesano.com\/ourobranco\/wp-json\/wp\/v2\/types\/page"}],"author":[{"embeddable":true,"href":"https:\/\/arquidiocesano.com\/ourobranco\/wp-json\/wp\/v2\/users\/1"}],"replies":[{"embeddable":true,"href":"https:\/\/arquidiocesano.com\/ourobranco\/wp-json\/wp\/v2\/comments?post=1436"}],"version-history":[{"count":10,"href":"https:\/\/arquidiocesano.com\/ourobranco\/wp-json\/wp\/v2\/pages\/1436\/revisions"}],"predecessor-version":[{"id":1548,"href":"https:\/\/arquidiocesano.com\/ourobranco\/wp-json\/wp\/v2\/pages\/1436\/revisions\/1548"}],"up":[{"embeddable":true,"href":"https:\/\/arquidiocesano.com\/ourobranco\/wp-json\/wp\/v2\/pages\/1418"}],"wp:attachment":[{"href":"https:\/\/arquidiocesano.com\/ourobranco\/wp-json\/wp\/v2\/media?parent=1436"}],"curies":[{"name":"wp","href":"https:\/\/api.w.org\/{rel}","templated":true}]}}