{"id":1426,"date":"2026-04-10T10:13:52","date_gmt":"2026-04-10T13:13:52","guid":{"rendered":"https:\/\/arquidiocesano.com\/ourobranco\/?page_id=1426"},"modified":"2026-04-10T10:51:01","modified_gmt":"2026-04-10T13:51:01","slug":"orientacoes-para-estudo","status":"publish","type":"page","link":"https:\/\/arquidiocesano.com\/ourobranco\/pedagogico\/apoio-ao-aluno\/orientacoes-para-estudo\/","title":{"rendered":"Orienta\u00e7\u00f5es para Estudo"},"content":{"rendered":"\t\t<div data-elementor-type=\"wp-page\" data-elementor-id=\"1426\" class=\"elementor elementor-1426\" data-elementor-post-type=\"page\">\n\t\t\t\t<div class=\"elementor-element elementor-element-cd4f9b1 e-flex e-con-boxed e-con e-parent\" data-id=\"cd4f9b1\" data-element_type=\"container\" data-e-type=\"container\" data-settings=\"{&quot;background_background&quot;:&quot;gradient&quot;}\">\n\t\t\t\t\t<div class=\"e-con-inner\">\n\t\t\t\t<div class=\"elementor-element elementor-element-5ed690f elementor-align-center elementor-mobile-align-left elementor-widget elementor-widget-breadcrumbs\" data-id=\"5ed690f\" data-element_type=\"widget\" data-e-type=\"widget\" data-widget_type=\"breadcrumbs.default\">\n\t\t\t\t\t<p id=\"breadcrumbs\"><span><span><a href=\"https:\/\/arquidiocesano.com\/ourobranco\/\">In\u00edcio<\/a><\/span><\/span><\/p>\t\t\t\t<\/div>\n\t\t\t\t<div class=\"elementor-element elementor-element-d2de768 elementor-widget elementor-widget-heading\" data-id=\"d2de768\" data-element_type=\"widget\" data-e-type=\"widget\" data-widget_type=\"heading.default\">\n\t\t\t\t\t<h1 class=\"elementor-heading-title elementor-size-default\">Orienta\u00e7\u00f5es para Estudo<\/h1>\t\t\t\t<\/div>\n\t\t\t\t<div class=\"elementor-element elementor-element-0d72b71 elementor-widget elementor-widget-heading\" data-id=\"0d72b71\" data-element_type=\"widget\" data-e-type=\"widget\" data-widget_type=\"heading.default\">\n\t\t\t\t\t<h2 class=\"elementor-heading-title elementor-size-default\">Col\u00e9gio Arquidiocesano de Ouro Branco<\/h2>\t\t\t\t<\/div>\n\t\t\t\t\t<\/div>\n\t\t\t\t<\/div>\n\t\t<div class=\"elementor-element elementor-element-7870aca e-flex e-con-boxed e-con e-parent\" data-id=\"7870aca\" data-element_type=\"container\" data-e-type=\"container\">\n\t\t\t\t\t<div class=\"e-con-inner\">\n\t\t\t\t<div class=\"elementor-element elementor-element-ab83e74 elementor-widget elementor-widget-text-editor\" data-id=\"ab83e74\" data-element_type=\"widget\" data-e-type=\"widget\" data-widget_type=\"text-editor.default\">\n\t\t\t\t\t\t\t\t\t<p>A modalidade \u201cOrienta\u00e7\u00f5es para estudo\u201d \u00e9 uma oportunidade do(a) aluno(a) recuperar conte\u00fados e aprendizagens necess\u00e1rias para seu desempenho escolar.<\/p><p>Os professores, a partir de observa\u00e7\u00f5es e an\u00e1lise processual, embasados pelas atividades realizadas em sala de aula, avalia\u00e7\u00f5es quantitativas e outros instrumentos diagn\u00f3sticos, indicar\u00e3o alunos que estiverem defasados frente a compet\u00eancias e habilidades determinadas pela sua faixa de ensino.<\/p><p>Dada a natureza dos Componentes Curriculares, caber\u00e1 ao(\u00e0) professor(a) orientar o(a) aluno(a) quanto a forma de estudar, a fim de aprimorar o processo de aprendizagem, utilizando estrat\u00e9gias que venham contribuir para o desenvolvimento do educando de maneira progressiva.<\/p><p>Estrat\u00e9gias principais a serem consideradas:<\/p><ul><li>An\u00e1lise e revis\u00e3o de AI realizada durante a etapa e de atividades complementares;<\/li><li>Atividades para desenvolver capacidade de s\u00edntese e interpreta\u00e7\u00e3o \u2013 resumos, resenhas etc.;<\/li><li>Orienta\u00e7\u00f5es sobre a melhor maneira de estudo individual ou coletivo de acordo com cada componente curricular, a partir da utiliza\u00e7\u00e3o de esquemas, mapas sem\u00e2nticos (conceituais e de s\u00edntese), de acordo com a faixa et\u00e1ria.<\/li><\/ul>\t\t\t\t\t\t\t\t<\/div>\n\t\t\t\t\t<\/div>\n\t\t\t\t<\/div>\n\t\t\t\t<\/div>\n\t\t","protected":false},"excerpt":{"rendered":"<p>Orienta\u00e7\u00f5es para Estudo Col\u00e9gio Arquidiocesano de Ouro Branco A modalidade \u201cOrienta\u00e7\u00f5es para estudo\u201d \u00e9 uma oportunidade do(a) aluno(a) recuperar conte\u00fados e aprendizagens necess\u00e1rias para seu desempenho escolar. Os professores, a partir de observa\u00e7\u00f5es e an\u00e1lise processual, embasados pelas atividades realizadas em sala de aula, avalia\u00e7\u00f5es quantitativas e outros instrumentos diagn\u00f3sticos, indicar\u00e3o alunos que estiverem defasados [&hellip;]<\/p>\n","protected":false},"author":1,"featured_media":0,"parent":1418,"menu_order":0,"comment_status":"closed","ping_status":"closed","template":"","meta":{"inline_featured_image":false,"footnotes":""},"class_list":["post-1426","page","type-page","status-publish","hentry"],"yoast_head":"<!-- This site is optimized with the Yoast SEO plugin v27.4 - https:\/\/yoast.com\/product\/yoast-seo-wordpress\/ -->\n<title>Orienta\u00e7\u00f5es para Estudo - CAOB<\/title>\n<meta name=\"robots\" content=\"index, follow, max-snippet:-1, max-image-preview:large, max-video-preview:-1\" \/>\n<link rel=\"canonical\" href=\"https:\/\/arquidiocesano.com\/ourobranco\/pedagogico\/apoio-ao-aluno\/orientacoes-para-estudo\/\" \/>\n<meta property=\"og:locale\" content=\"pt_BR\" \/>\n<meta property=\"og:type\" content=\"article\" \/>\n<meta property=\"og:title\" content=\"Orienta\u00e7\u00f5es para Estudo - CAOB\" \/>\n<meta property=\"og:description\" content=\"Orienta\u00e7\u00f5es para Estudo Col\u00e9gio Arquidiocesano de Ouro Branco A modalidade \u201cOrienta\u00e7\u00f5es para estudo\u201d \u00e9 uma oportunidade do(a) aluno(a) recuperar conte\u00fados e aprendizagens necess\u00e1rias para seu desempenho escolar. Os professores, a partir de observa\u00e7\u00f5es e an\u00e1lise processual, embasados pelas atividades realizadas em sala de aula, avalia\u00e7\u00f5es quantitativas e outros instrumentos diagn\u00f3sticos, indicar\u00e3o alunos que estiverem defasados [&hellip;]\" \/>\n<meta property=\"og:url\" content=\"https:\/\/arquidiocesano.com\/ourobranco\/pedagogico\/apoio-ao-aluno\/orientacoes-para-estudo\/\" \/>\n<meta property=\"og:site_name\" content=\"CAOB\" \/>\n<meta property=\"article:publisher\" content=\"https:\/\/www.facebook.com\/CAOB2016\" \/>\n<meta property=\"article:modified_time\" content=\"2026-04-10T13:51:01+00:00\" \/>\n<meta name=\"twitter:card\" content=\"summary_large_image\" \/>\n<meta name=\"twitter:label1\" content=\"Est. tempo de leitura\" \/>\n\t<meta name=\"twitter:data1\" content=\"1 minuto\" \/>\n<script type=\"application\/ld+json\" class=\"yoast-schema-graph\">{\"@context\":\"https:\\\/\\\/schema.org\",\"@graph\":[{\"@type\":\"WebPage\",\"@id\":\"https:\\\/\\\/arquidiocesano.com\\\/ourobranco\\\/pedagogico\\\/apoio-ao-aluno\\\/orientacoes-para-estudo\\\/\",\"url\":\"https:\\\/\\\/arquidiocesano.com\\\/ourobranco\\\/pedagogico\\\/apoio-ao-aluno\\\/orientacoes-para-estudo\\\/\",\"name\":\"Orienta\u00e7\u00f5es para Estudo - CAOB\",\"isPartOf\":{\"@id\":\"https:\\\/\\\/arquidiocesano.com\\\/ourobranco\\\/#website\"},\"datePublished\":\"2026-04-10T13:13:52+00:00\",\"dateModified\":\"2026-04-10T13:51:01+00:00\",\"breadcrumb\":{\"@id\":\"https:\\\/\\\/arquidiocesano.com\\\/ourobranco\\\/pedagogico\\\/apoio-ao-aluno\\\/orientacoes-para-estudo\\\/#breadcrumb\"},\"inLanguage\":\"pt-BR\",\"potentialAction\":[{\"@type\":\"ReadAction\",\"target\":[\"https:\\\/\\\/arquidiocesano.com\\\/ourobranco\\\/pedagogico\\\/apoio-ao-aluno\\\/orientacoes-para-estudo\\\/\"]}]},{\"@type\":\"BreadcrumbList\",\"@id\":\"https:\\\/\\\/arquidiocesano.com\\\/ourobranco\\\/pedagogico\\\/apoio-ao-aluno\\\/orientacoes-para-estudo\\\/#breadcrumb\",\"itemListElement\":[{\"@type\":\"ListItem\",\"position\":1,\"name\":\"In\u00edcio\",\"item\":\"https:\\\/\\\/arquidiocesano.com\\\/ourobranco\\\/\"},{\"@type\":\"ListItem\",\"position\":2,\"name\":\"Pedag\u00f3gico\",\"item\":\"https:\\\/\\\/arquidiocesano.com\\\/ourobranco\\\/pedagogico\\\/\"},{\"@type\":\"ListItem\",\"position\":3,\"name\":\"Apoio ao Aluno\",\"item\":\"https:\\\/\\\/arquidiocesano.com\\\/ourobranco\\\/pedagogico\\\/apoio-ao-aluno\\\/\"},{\"@type\":\"ListItem\",\"position\":4,\"name\":\"Orienta\u00e7\u00f5es para Estudo\"}]},{\"@type\":\"WebSite\",\"@id\":\"https:\\\/\\\/arquidiocesano.com\\\/ourobranco\\\/#website\",\"url\":\"https:\\\/\\\/arquidiocesano.com\\\/ourobranco\\\/\",\"name\":\"CAOB\",\"description\":\"Col\u00e9gio Arquidiocesano de Ouro Branco\",\"publisher\":{\"@id\":\"https:\\\/\\\/arquidiocesano.com\\\/ourobranco\\\/#organization\"},\"potentialAction\":[{\"@type\":\"SearchAction\",\"target\":{\"@type\":\"EntryPoint\",\"urlTemplate\":\"https:\\\/\\\/arquidiocesano.com\\\/ourobranco\\\/?s={search_term_string}\"},\"query-input\":{\"@type\":\"PropertyValueSpecification\",\"valueRequired\":true,\"valueName\":\"search_term_string\"}}],\"inLanguage\":\"pt-BR\"},{\"@type\":\"Organization\",\"@id\":\"https:\\\/\\\/arquidiocesano.com\\\/ourobranco\\\/#organization\",\"name\":\"Col\u00e9gio Arquidiocesano de Ouro Branco\",\"url\":\"https:\\\/\\\/arquidiocesano.com\\\/ourobranco\\\/\",\"logo\":{\"@type\":\"ImageObject\",\"inLanguage\":\"pt-BR\",\"@id\":\"https:\\\/\\\/arquidiocesano.com\\\/ourobranco\\\/#\\\/schema\\\/logo\\\/image\\\/\",\"url\":\"https:\\\/\\\/arquidiocesano.com\\\/ourobranco\\\/wp-content\\\/uploads\\\/2026\\\/04\\\/caob-imagem-destacada.png\",\"contentUrl\":\"https:\\\/\\\/arquidiocesano.com\\\/ourobranco\\\/wp-content\\\/uploads\\\/2026\\\/04\\\/caob-imagem-destacada.png\",\"width\":1200,\"height\":1200,\"caption\":\"Col\u00e9gio Arquidiocesano de Ouro Branco\"},\"image\":{\"@id\":\"https:\\\/\\\/arquidiocesano.com\\\/ourobranco\\\/#\\\/schema\\\/logo\\\/image\\\/\"},\"sameAs\":[\"https:\\\/\\\/www.facebook.com\\\/CAOB2016\",\"https:\\\/\\\/www.instagram.com\\\/caobourobranco\\\/\"]}]}<\/script>\n<!-- \/ Yoast SEO plugin. -->","yoast_head_json":{"title":"Orienta\u00e7\u00f5es para Estudo - CAOB","robots":{"index":"index","follow":"follow","max-snippet":"max-snippet:-1","max-image-preview":"max-image-preview:large","max-video-preview":"max-video-preview:-1"},"canonical":"https:\/\/arquidiocesano.com\/ourobranco\/pedagogico\/apoio-ao-aluno\/orientacoes-para-estudo\/","og_locale":"pt_BR","og_type":"article","og_title":"Orienta\u00e7\u00f5es para Estudo - CAOB","og_description":"Orienta\u00e7\u00f5es para Estudo Col\u00e9gio Arquidiocesano de Ouro Branco A modalidade \u201cOrienta\u00e7\u00f5es para estudo\u201d \u00e9 uma oportunidade do(a) aluno(a) recuperar conte\u00fados e aprendizagens necess\u00e1rias para seu desempenho escolar. Os professores, a partir de observa\u00e7\u00f5es e an\u00e1lise processual, embasados pelas atividades realizadas em sala de aula, avalia\u00e7\u00f5es quantitativas e outros instrumentos diagn\u00f3sticos, indicar\u00e3o alunos que estiverem defasados [&hellip;]","og_url":"https:\/\/arquidiocesano.com\/ourobranco\/pedagogico\/apoio-ao-aluno\/orientacoes-para-estudo\/","og_site_name":"CAOB","article_publisher":"https:\/\/www.facebook.com\/CAOB2016","article_modified_time":"2026-04-10T13:51:01+00:00","twitter_card":"summary_large_image","twitter_misc":{"Est. tempo de leitura":"1 minuto"},"schema":{"@context":"https:\/\/schema.org","@graph":[{"@type":"WebPage","@id":"https:\/\/arquidiocesano.com\/ourobranco\/pedagogico\/apoio-ao-aluno\/orientacoes-para-estudo\/","url":"https:\/\/arquidiocesano.com\/ourobranco\/pedagogico\/apoio-ao-aluno\/orientacoes-para-estudo\/","name":"Orienta\u00e7\u00f5es para Estudo - CAOB","isPartOf":{"@id":"https:\/\/arquidiocesano.com\/ourobranco\/#website"},"datePublished":"2026-04-10T13:13:52+00:00","dateModified":"2026-04-10T13:51:01+00:00","breadcrumb":{"@id":"https:\/\/arquidiocesano.com\/ourobranco\/pedagogico\/apoio-ao-aluno\/orientacoes-para-estudo\/#breadcrumb"},"inLanguage":"pt-BR","potentialAction":[{"@type":"ReadAction","target":["https:\/\/arquidiocesano.com\/ourobranco\/pedagogico\/apoio-ao-aluno\/orientacoes-para-estudo\/"]}]},{"@type":"BreadcrumbList","@id":"https:\/\/arquidiocesano.com\/ourobranco\/pedagogico\/apoio-ao-aluno\/orientacoes-para-estudo\/#breadcrumb","itemListElement":[{"@type":"ListItem","position":1,"name":"In\u00edcio","item":"https:\/\/arquidiocesano.com\/ourobranco\/"},{"@type":"ListItem","position":2,"name":"Pedag\u00f3gico","item":"https:\/\/arquidiocesano.com\/ourobranco\/pedagogico\/"},{"@type":"ListItem","position":3,"name":"Apoio ao Aluno","item":"https:\/\/arquidiocesano.com\/ourobranco\/pedagogico\/apoio-ao-aluno\/"},{"@type":"ListItem","position":4,"name":"Orienta\u00e7\u00f5es para Estudo"}]},{"@type":"WebSite","@id":"https:\/\/arquidiocesano.com\/ourobranco\/#website","url":"https:\/\/arquidiocesano.com\/ourobranco\/","name":"CAOB","description":"Col\u00e9gio Arquidiocesano de Ouro Branco","publisher":{"@id":"https:\/\/arquidiocesano.com\/ourobranco\/#organization"},"potentialAction":[{"@type":"SearchAction","target":{"@type":"EntryPoint","urlTemplate":"https:\/\/arquidiocesano.com\/ourobranco\/?s={search_term_string}"},"query-input":{"@type":"PropertyValueSpecification","valueRequired":true,"valueName":"search_term_string"}}],"inLanguage":"pt-BR"},{"@type":"Organization","@id":"https:\/\/arquidiocesano.com\/ourobranco\/#organization","name":"Col\u00e9gio Arquidiocesano de Ouro Branco","url":"https:\/\/arquidiocesano.com\/ourobranco\/","logo":{"@type":"ImageObject","inLanguage":"pt-BR","@id":"https:\/\/arquidiocesano.com\/ourobranco\/#\/schema\/logo\/image\/","url":"https:\/\/arquidiocesano.com\/ourobranco\/wp-content\/uploads\/2026\/04\/caob-imagem-destacada.png","contentUrl":"https:\/\/arquidiocesano.com\/ourobranco\/wp-content\/uploads\/2026\/04\/caob-imagem-destacada.png","width":1200,"height":1200,"caption":"Col\u00e9gio Arquidiocesano de Ouro Branco"},"image":{"@id":"https:\/\/arquidiocesano.com\/ourobranco\/#\/schema\/logo\/image\/"},"sameAs":["https:\/\/www.facebook.com\/CAOB2016","https:\/\/www.instagram.com\/caobourobranco\/"]}]}},"_links":{"self":[{"href":"https:\/\/arquidiocesano.com\/ourobranco\/wp-json\/wp\/v2\/pages\/1426","targetHints":{"allow":["GET"]}}],"collection":[{"href":"https:\/\/arquidiocesano.com\/ourobranco\/wp-json\/wp\/v2\/pages"}],"about":[{"href":"https:\/\/arquidiocesano.com\/ourobranco\/wp-json\/wp\/v2\/types\/page"}],"author":[{"embeddable":true,"href":"https:\/\/arquidiocesano.com\/ourobranco\/wp-json\/wp\/v2\/users\/1"}],"replies":[{"embeddable":true,"href":"https:\/\/arquidiocesano.com\/ourobranco\/wp-json\/wp\/v2\/comments?post=1426"}],"version-history":[{"count":7,"href":"https:\/\/arquidiocesano.com\/ourobranco\/wp-json\/wp\/v2\/pages\/1426\/revisions"}],"predecessor-version":[{"id":1527,"href":"https:\/\/arquidiocesano.com\/ourobranco\/wp-json\/wp\/v2\/pages\/1426\/revisions\/1527"}],"up":[{"embeddable":true,"href":"https:\/\/arquidiocesano.com\/ourobranco\/wp-json\/wp\/v2\/pages\/1418"}],"wp:attachment":[{"href":"https:\/\/arquidiocesano.com\/ourobranco\/wp-json\/wp\/v2\/media?parent=1426"}],"curies":[{"name":"wp","href":"https:\/\/api.w.org\/{rel}","templated":true}]}}