{"id":1420,"date":"2026-04-10T10:12:40","date_gmt":"2026-04-10T13:12:40","guid":{"rendered":"https:\/\/arquidiocesano.com\/ourobranco\/?page_id=1420"},"modified":"2026-04-10T10:47:36","modified_gmt":"2026-04-10T13:47:36","slug":"normas-de-conduta","status":"publish","type":"page","link":"https:\/\/arquidiocesano.com\/ourobranco\/pedagogico\/apoio-ao-aluno\/normas-de-conduta\/","title":{"rendered":"Normas de Conduta"},"content":{"rendered":"\t\t<div data-elementor-type=\"wp-page\" data-elementor-id=\"1420\" class=\"elementor elementor-1420\" data-elementor-post-type=\"page\">\n\t\t\t\t<div class=\"elementor-element elementor-element-5770b0c e-flex e-con-boxed e-con e-parent\" data-id=\"5770b0c\" data-element_type=\"container\" data-e-type=\"container\" data-settings=\"{&quot;background_background&quot;:&quot;gradient&quot;}\">\n\t\t\t\t\t<div class=\"e-con-inner\">\n\t\t\t\t<div class=\"elementor-element elementor-element-9b1f963 elementor-align-center elementor-mobile-align-left elementor-widget elementor-widget-breadcrumbs\" data-id=\"9b1f963\" data-element_type=\"widget\" data-e-type=\"widget\" data-widget_type=\"breadcrumbs.default\">\n\t\t\t\t\t<p id=\"breadcrumbs\"><span><span><a href=\"https:\/\/arquidiocesano.com\/ourobranco\/\">In\u00edcio<\/a><\/span><\/span><\/p>\t\t\t\t<\/div>\n\t\t\t\t<div class=\"elementor-element elementor-element-cb3f88f elementor-widget elementor-widget-heading\" data-id=\"cb3f88f\" data-element_type=\"widget\" data-e-type=\"widget\" data-widget_type=\"heading.default\">\n\t\t\t\t\t<h1 class=\"elementor-heading-title elementor-size-default\">Normas de Conduta<\/h1>\t\t\t\t<\/div>\n\t\t\t\t<div class=\"elementor-element elementor-element-ff970ba elementor-widget elementor-widget-heading\" data-id=\"ff970ba\" data-element_type=\"widget\" data-e-type=\"widget\" data-widget_type=\"heading.default\">\n\t\t\t\t\t<h2 class=\"elementor-heading-title elementor-size-default\">Col\u00e9gio Arquidiocesano de Ouro Branco<\/h2>\t\t\t\t<\/div>\n\t\t\t\t\t<\/div>\n\t\t\t\t<\/div>\n\t\t<div class=\"elementor-element elementor-element-a11fe25 e-flex e-con-boxed e-con e-parent\" data-id=\"a11fe25\" data-element_type=\"container\" data-e-type=\"container\">\n\t\t\t\t\t<div class=\"e-con-inner\">\n\t\t\t\t<div class=\"elementor-element elementor-element-f838f8e elementor-widget elementor-widget-text-editor\" data-id=\"f838f8e\" data-element_type=\"widget\" data-e-type=\"widget\" data-widget_type=\"text-editor.default\">\n\t\t\t\t\t\t\t\t\t<h5>Direitos do(a) Aluno(a)<\/h5><p>Constituem direitos do(a) aluno(a):<\/p><ol><li>Apresentar sugest\u00f5es \u00e0 Dire\u00e7\u00e3o da Institui\u00e7\u00e3o;<\/li><li>Utilizar as instala\u00e7\u00f5es e depend\u00eancias da Institui\u00e7\u00e3o que lhes forem necess\u00e1rias, de forma devida e nos hor\u00e1rios para isto reservados;<\/li><li>Participar das atividades escolares, sociais, c\u00edvicas e recreativas destinadas \u00e0 sua forma\u00e7\u00e3o e promovidas pela Institui\u00e7\u00e3o;<\/li><li>Utilizar o acervo da Biblioteca nos termos do regulamento e normas pr\u00f3prias;<\/li><li>Tomar conhecimento, atrav\u00e9s do Boletim Escolar, dispon\u00edvel tanto na vers\u00e3o impressa, quanto no Portal Eletr\u00f4nico do Col\u00e9gio\/Web Aluno, de notas e de frequ\u00eancia obtidas;<\/li><li>Requerer cancelamento de matr\u00edcula ou transfer\u00eancia, quando maior de idade, ou por interm\u00e9dio do pai ou respons\u00e1vel, quando menor;<\/li><li>Usufruir de todos os benef\u00edcios de car\u00e1ter educativo, social e recreativo\u00a0 proporcionados pela Institui\u00e7\u00e3o;<\/li><li>Ser, criteriosamente, avaliado(a) em seu aproveitamento.<\/li><\/ol><h5><br \/>Deveres do(a) Aluno(a)<\/h5><p>Constituem deveres do(a) aluno(a):<\/p><ol><li>Frequentar \u00e0s aulas e outras atividades escolares com assiduidade e pontualidade;<\/li><li>Apresentar solicita\u00e7\u00e3o por escrito e assinada pelo respons\u00e1vel para fins de entradas e sa\u00eddas da escola, em hor\u00e1rios incompat\u00edveis com a rotina escolar;<\/li><li>Comunicar \u00e0 Coordena\u00e7\u00e3o Pedag\u00f3gica afastamento tempor\u00e1rio por motivo de doen\u00e7a ou outros, apresentando justificativa e\/ou atestado m\u00e9dico;<\/li><li>Atender e respeitar \u00e0s normas estabelecidas pela Institui\u00e7\u00e3o;<\/li><li>Colaborar na conserva\u00e7\u00e3o do pr\u00e9dio, instala\u00e7\u00f5es, equipamentos e material escolar de uso coletivo;<\/li><li>Indenizar quanto aos preju\u00edzos, quando produzir dano material a algu\u00e9m ou ao Col\u00e9gio;<\/li><li>Usar, obrigatoriamente, o uniforme definido pela institui\u00e7\u00e3o;<\/li><li>Cumprir os hor\u00e1rios estabelecidos;<\/li><li>Adquirir material did\u00e1tico proposto pela Institui\u00e7\u00e3o, conforme previsto no Contrato de Presta\u00e7\u00e3o de Servi\u00e7o;<\/li><li>Portar, diariamente, o cart\u00e3o do Seguro Escolar, em Atividades Extraturno e Visitas Orientadas.<\/li><\/ol><h5><br \/>Condutas Inadequadas<\/h5><p>\u00c9 vedado ao(\u00e0) aluno(a), nas depend\u00eancias do Col\u00e9gio, no seu entorno e em todas as atividades promovidas pela Institui\u00e7\u00e3o:<\/p><ol><li>Desrespeitar, desacatar, agredir verbalmente professores, funcion\u00e1rios e colegas;<\/li><li>Utilizar-se de qualquer material escolar de propriedade do Col\u00e9gio ou de seus colegas sem autoriza\u00e7\u00e3o;<\/li><li>Impedir o acesso dos colegas ao Col\u00e9gio ou incentivar as aus\u00eancias coletivas;<\/li><li>Promover, sem autoriza\u00e7\u00e3o expressa do Diretor, rifas, coletas, qualquer tipo de com\u00e9rcio ou subscri\u00e7\u00f5es, bem como afixar cartazes, distribuir panfletos e outros;<\/li><li>Fumar ou distribuir cigarros;<\/li><li>Portar, usar, distribuir, vender, comprar, mostrar, ajudar a esconder qualquer tipo de droga l\u00edcita ou n\u00e3o, ou subst\u00e2ncia t\u00f3xica, bem como usar adornos, desenhos ou frases, que tenham como objetivo incitar o uso das drogas e\/ou a viol\u00eancia;<\/li><li>Usar bon\u00e9s, toucas ou similares dentro da sala de aula;<\/li><li>Cabular aula;<\/li><li>Trazer ou usar objetos cortantes e pontiagudos, brinquedos que imitem armas de fogo, \u201ccanetas laser\u201d, recipientes que contenham qualquer tipo de g\u00e1s e objetos de qualquer natureza que atentem contra a integridade f\u00edsica de outrem;<\/li><li>Perturbar a ordem;<\/li><li>Praticar atos agressivos \u00e0 moral e aos bons costumes;<\/li><li>Ausentar-se da sala de aula sem a devida autoriza\u00e7\u00e3o;<\/li><li>Demonstrar posturas inadequadas: namoros inconvenientes (beijos, abra\u00e7os e outros contatos f\u00edsicos excessivos), palavras de baixo cal\u00e3o, deitar-se ou posicionar-se inadequadamente;<\/li><li>Utilizar telefone celular e\/ou aparelhos eletr\u00f4nicos na sala de aula; c\u00e2meras fotogr\u00e1ficas, filmadoras ou similares nas depend\u00eancias do Col\u00e9gio sem autoriza\u00e7\u00e3o do(a) professor(a) respons\u00e1vel pela atividade;<\/li><li>Usar adere\u00e7os que dificultem o reconhecimento da fisionomia do(a) aluno(a);<\/li><li>Fazer quaisquer comemora\u00e7\u00f5es e\/ou manifesta\u00e7\u00f5es de mau gosto. Os trotes s\u00e3o terminantemente proibidos;<\/li><li>Consumir alimentos, guloseimas e similares no espa\u00e7o da sala de aula;<\/li><li>Jogar cartas, a n\u00e3o ser que se fa\u00e7a necess\u00e1rio em fun\u00e7\u00e3o da atividade pedag\u00f3gica proposta;<\/li><li>Introduzir, no espa\u00e7o escolar, pessoas que n\u00e3o fa\u00e7am parte do quadro da Institui\u00e7\u00e3o, sem anu\u00eancia do corpo diretivo;<\/li><li>Consultar os colegas, livros, anota\u00e7\u00f5es e afins, durante as avalia\u00e7\u00f5es, a n\u00e3o ser que seja assim determinado pelo(a) professor(a) respons\u00e1vel pela atividade;<\/li><li>Usar vestu\u00e1rio descontextualizado da proposta educativa institucional.<\/li><\/ol><p><b>Observa\u00e7\u00e3o<\/b><\/p><p>Fica o Col\u00e9gio isento de qualquer responsabilidade quanto \u00e0 perda ou extravio de quaisquer objetos eletr\u00f4nicos de uso pessoal, bem como da utiliza\u00e7\u00e3o de imagens produzidas e divulgadas por meio desses instrumentos. Esses objetos, quando utilizados em sala de aula, sem autoriza\u00e7\u00e3o, ser\u00e3o recolhidos e entregues \u00e0 coordena\u00e7\u00e3o do segmento, e posteriormente devolvidos aos pais\/respons\u00e1veis.<\/p><h5><br \/>San\u00e7\u00f5es<\/h5><p>O(a) aluno(a) que n\u00e3o cumprir as normas de conduta estabelecidas pelo Col\u00e9gio ser\u00e1 pass\u00edvel das seguintes san\u00e7\u00f5es:<\/p><ol><li>Advert\u00eancia oral;<\/li><li>Advert\u00eancia escrita;<\/li><li>Suspens\u00e3o tempor\u00e1ria de participa\u00e7\u00e3o em qualquer tipo de atividade escolar ou de outra prevista no Regimento Escolar, sem direito a atividade suplementar ou segunda chamada que venham a compensar a concess\u00e3o de cr\u00e9ditos ou notas utilizados para apurar aproveitamento de estudos;<\/li><li>Exclus\u00e3o do Col\u00e9gio por ato da Dire\u00e7\u00e3o, com o cancelamento da matr\u00edcula e expedi\u00e7\u00e3o de transfer\u00eancia;<\/li><\/ol><p>Em caso de condutas inadequadas referentes aos itens XIV e XX, ser\u00e3o aplicadas as seguintes san\u00e7\u00f5es:<\/p><ol><li>Conforme a gravidade da falta cometida, poder\u00e1 ser aplicada, desde logo, qualquer uma das san\u00e7\u00f5es, e, sempre que necess\u00e1rio, o Corpo Diretivo poder\u00e1 ser convocado para a tomada de decis\u00f5es;<\/li><li>Outras penalidades previstas encontram-se no Regimento Escolar do Col\u00e9gio Arquidiocesano;<\/li><li>Medidas socioeducativas poder\u00e3o ser propostas \u00e0s fam\u00edlias e aplicadas, com o consentimento, como forma de levar o(a) educando(a) a refletir sobre as pr\u00f3prias a\u00e7\u00f5es. Essas medidas poder\u00e3o substituir as puni\u00e7\u00f5es supracitadas;<\/li><li>Equipamentos e objetos recolhidos s\u00f3 ser\u00e3o entregues diretamente aos respons\u00e1veis pelo(a) aluno(a);<\/li><li>A prova ser\u00e1 anulada quando o(a) aluno(a) estiver colando ou colaborando com a cola.<\/li><\/ol>\t\t\t\t\t\t\t\t<\/div>\n\t\t\t\t\t<\/div>\n\t\t\t\t<\/div>\n\t\t\t\t<\/div>\n\t\t","protected":false},"excerpt":{"rendered":"<p>Normas de Conduta Col\u00e9gio Arquidiocesano de Ouro Branco Direitos do(a) Aluno(a) Constituem direitos do(a) aluno(a): Apresentar sugest\u00f5es \u00e0 Dire\u00e7\u00e3o da Institui\u00e7\u00e3o; Utilizar as instala\u00e7\u00f5es e depend\u00eancias da Institui\u00e7\u00e3o que lhes forem necess\u00e1rias, de forma devida e nos hor\u00e1rios para isto reservados; Participar das atividades escolares, sociais, c\u00edvicas e recreativas destinadas \u00e0 sua forma\u00e7\u00e3o e promovidas [&hellip;]<\/p>\n","protected":false},"author":1,"featured_media":0,"parent":1418,"menu_order":0,"comment_status":"closed","ping_status":"closed","template":"","meta":{"inline_featured_image":false,"footnotes":""},"class_list":["post-1420","page","type-page","status-publish","hentry"],"yoast_head":"<!-- This site is optimized with the Yoast SEO plugin v27.4 - https:\/\/yoast.com\/product\/yoast-seo-wordpress\/ -->\n<title>Normas de Conduta - CAOB<\/title>\n<meta name=\"robots\" content=\"index, follow, max-snippet:-1, max-image-preview:large, max-video-preview:-1\" \/>\n<link rel=\"canonical\" href=\"https:\/\/arquidiocesano.com\/ourobranco\/pedagogico\/apoio-ao-aluno\/normas-de-conduta\/\" \/>\n<meta property=\"og:locale\" content=\"pt_BR\" \/>\n<meta property=\"og:type\" content=\"article\" \/>\n<meta property=\"og:title\" content=\"Normas de Conduta - CAOB\" \/>\n<meta property=\"og:description\" content=\"Normas de Conduta Col\u00e9gio Arquidiocesano de Ouro Branco Direitos do(a) Aluno(a) Constituem direitos do(a) aluno(a): Apresentar sugest\u00f5es \u00e0 Dire\u00e7\u00e3o da Institui\u00e7\u00e3o; Utilizar as instala\u00e7\u00f5es e depend\u00eancias da Institui\u00e7\u00e3o que lhes forem necess\u00e1rias, de forma devida e nos hor\u00e1rios para isto reservados; Participar das atividades escolares, sociais, c\u00edvicas e recreativas destinadas \u00e0 sua forma\u00e7\u00e3o e promovidas [&hellip;]\" \/>\n<meta property=\"og:url\" content=\"https:\/\/arquidiocesano.com\/ourobranco\/pedagogico\/apoio-ao-aluno\/normas-de-conduta\/\" \/>\n<meta property=\"og:site_name\" content=\"CAOB\" \/>\n<meta property=\"article:publisher\" content=\"https:\/\/www.facebook.com\/CAOB2016\" \/>\n<meta property=\"article:modified_time\" content=\"2026-04-10T13:47:36+00:00\" \/>\n<meta name=\"twitter:card\" content=\"summary_large_image\" \/>\n<meta name=\"twitter:label1\" content=\"Est. tempo de leitura\" \/>\n\t<meta name=\"twitter:data1\" content=\"5 minutos\" \/>\n<script type=\"application\/ld+json\" class=\"yoast-schema-graph\">{\"@context\":\"https:\\\/\\\/schema.org\",\"@graph\":[{\"@type\":\"WebPage\",\"@id\":\"https:\\\/\\\/arquidiocesano.com\\\/ourobranco\\\/pedagogico\\\/apoio-ao-aluno\\\/normas-de-conduta\\\/\",\"url\":\"https:\\\/\\\/arquidiocesano.com\\\/ourobranco\\\/pedagogico\\\/apoio-ao-aluno\\\/normas-de-conduta\\\/\",\"name\":\"Normas de Conduta - CAOB\",\"isPartOf\":{\"@id\":\"https:\\\/\\\/arquidiocesano.com\\\/ourobranco\\\/#website\"},\"datePublished\":\"2026-04-10T13:12:40+00:00\",\"dateModified\":\"2026-04-10T13:47:36+00:00\",\"breadcrumb\":{\"@id\":\"https:\\\/\\\/arquidiocesano.com\\\/ourobranco\\\/pedagogico\\\/apoio-ao-aluno\\\/normas-de-conduta\\\/#breadcrumb\"},\"inLanguage\":\"pt-BR\",\"potentialAction\":[{\"@type\":\"ReadAction\",\"target\":[\"https:\\\/\\\/arquidiocesano.com\\\/ourobranco\\\/pedagogico\\\/apoio-ao-aluno\\\/normas-de-conduta\\\/\"]}]},{\"@type\":\"BreadcrumbList\",\"@id\":\"https:\\\/\\\/arquidiocesano.com\\\/ourobranco\\\/pedagogico\\\/apoio-ao-aluno\\\/normas-de-conduta\\\/#breadcrumb\",\"itemListElement\":[{\"@type\":\"ListItem\",\"position\":1,\"name\":\"In\u00edcio\",\"item\":\"https:\\\/\\\/arquidiocesano.com\\\/ourobranco\\\/\"},{\"@type\":\"ListItem\",\"position\":2,\"name\":\"Pedag\u00f3gico\",\"item\":\"https:\\\/\\\/arquidiocesano.com\\\/ourobranco\\\/pedagogico\\\/\"},{\"@type\":\"ListItem\",\"position\":3,\"name\":\"Apoio ao Aluno\",\"item\":\"https:\\\/\\\/arquidiocesano.com\\\/ourobranco\\\/pedagogico\\\/apoio-ao-aluno\\\/\"},{\"@type\":\"ListItem\",\"position\":4,\"name\":\"Normas de Conduta\"}]},{\"@type\":\"WebSite\",\"@id\":\"https:\\\/\\\/arquidiocesano.com\\\/ourobranco\\\/#website\",\"url\":\"https:\\\/\\\/arquidiocesano.com\\\/ourobranco\\\/\",\"name\":\"CAOB\",\"description\":\"Col\u00e9gio Arquidiocesano de Ouro Branco\",\"publisher\":{\"@id\":\"https:\\\/\\\/arquidiocesano.com\\\/ourobranco\\\/#organization\"},\"potentialAction\":[{\"@type\":\"SearchAction\",\"target\":{\"@type\":\"EntryPoint\",\"urlTemplate\":\"https:\\\/\\\/arquidiocesano.com\\\/ourobranco\\\/?s={search_term_string}\"},\"query-input\":{\"@type\":\"PropertyValueSpecification\",\"valueRequired\":true,\"valueName\":\"search_term_string\"}}],\"inLanguage\":\"pt-BR\"},{\"@type\":\"Organization\",\"@id\":\"https:\\\/\\\/arquidiocesano.com\\\/ourobranco\\\/#organization\",\"name\":\"Col\u00e9gio Arquidiocesano de Ouro Branco\",\"url\":\"https:\\\/\\\/arquidiocesano.com\\\/ourobranco\\\/\",\"logo\":{\"@type\":\"ImageObject\",\"inLanguage\":\"pt-BR\",\"@id\":\"https:\\\/\\\/arquidiocesano.com\\\/ourobranco\\\/#\\\/schema\\\/logo\\\/image\\\/\",\"url\":\"https:\\\/\\\/arquidiocesano.com\\\/ourobranco\\\/wp-content\\\/uploads\\\/2026\\\/04\\\/caob-imagem-destacada.png\",\"contentUrl\":\"https:\\\/\\\/arquidiocesano.com\\\/ourobranco\\\/wp-content\\\/uploads\\\/2026\\\/04\\\/caob-imagem-destacada.png\",\"width\":1200,\"height\":1200,\"caption\":\"Col\u00e9gio Arquidiocesano de Ouro Branco\"},\"image\":{\"@id\":\"https:\\\/\\\/arquidiocesano.com\\\/ourobranco\\\/#\\\/schema\\\/logo\\\/image\\\/\"},\"sameAs\":[\"https:\\\/\\\/www.facebook.com\\\/CAOB2016\",\"https:\\\/\\\/www.instagram.com\\\/caobourobranco\\\/\"]}]}<\/script>\n<!-- \/ Yoast SEO plugin. -->","yoast_head_json":{"title":"Normas de Conduta - CAOB","robots":{"index":"index","follow":"follow","max-snippet":"max-snippet:-1","max-image-preview":"max-image-preview:large","max-video-preview":"max-video-preview:-1"},"canonical":"https:\/\/arquidiocesano.com\/ourobranco\/pedagogico\/apoio-ao-aluno\/normas-de-conduta\/","og_locale":"pt_BR","og_type":"article","og_title":"Normas de Conduta - CAOB","og_description":"Normas de Conduta Col\u00e9gio Arquidiocesano de Ouro Branco Direitos do(a) Aluno(a) Constituem direitos do(a) aluno(a): Apresentar sugest\u00f5es \u00e0 Dire\u00e7\u00e3o da Institui\u00e7\u00e3o; Utilizar as instala\u00e7\u00f5es e depend\u00eancias da Institui\u00e7\u00e3o que lhes forem necess\u00e1rias, de forma devida e nos hor\u00e1rios para isto reservados; Participar das atividades escolares, sociais, c\u00edvicas e recreativas destinadas \u00e0 sua forma\u00e7\u00e3o e promovidas [&hellip;]","og_url":"https:\/\/arquidiocesano.com\/ourobranco\/pedagogico\/apoio-ao-aluno\/normas-de-conduta\/","og_site_name":"CAOB","article_publisher":"https:\/\/www.facebook.com\/CAOB2016","article_modified_time":"2026-04-10T13:47:36+00:00","twitter_card":"summary_large_image","twitter_misc":{"Est. tempo de leitura":"5 minutos"},"schema":{"@context":"https:\/\/schema.org","@graph":[{"@type":"WebPage","@id":"https:\/\/arquidiocesano.com\/ourobranco\/pedagogico\/apoio-ao-aluno\/normas-de-conduta\/","url":"https:\/\/arquidiocesano.com\/ourobranco\/pedagogico\/apoio-ao-aluno\/normas-de-conduta\/","name":"Normas de Conduta - CAOB","isPartOf":{"@id":"https:\/\/arquidiocesano.com\/ourobranco\/#website"},"datePublished":"2026-04-10T13:12:40+00:00","dateModified":"2026-04-10T13:47:36+00:00","breadcrumb":{"@id":"https:\/\/arquidiocesano.com\/ourobranco\/pedagogico\/apoio-ao-aluno\/normas-de-conduta\/#breadcrumb"},"inLanguage":"pt-BR","potentialAction":[{"@type":"ReadAction","target":["https:\/\/arquidiocesano.com\/ourobranco\/pedagogico\/apoio-ao-aluno\/normas-de-conduta\/"]}]},{"@type":"BreadcrumbList","@id":"https:\/\/arquidiocesano.com\/ourobranco\/pedagogico\/apoio-ao-aluno\/normas-de-conduta\/#breadcrumb","itemListElement":[{"@type":"ListItem","position":1,"name":"In\u00edcio","item":"https:\/\/arquidiocesano.com\/ourobranco\/"},{"@type":"ListItem","position":2,"name":"Pedag\u00f3gico","item":"https:\/\/arquidiocesano.com\/ourobranco\/pedagogico\/"},{"@type":"ListItem","position":3,"name":"Apoio ao Aluno","item":"https:\/\/arquidiocesano.com\/ourobranco\/pedagogico\/apoio-ao-aluno\/"},{"@type":"ListItem","position":4,"name":"Normas de Conduta"}]},{"@type":"WebSite","@id":"https:\/\/arquidiocesano.com\/ourobranco\/#website","url":"https:\/\/arquidiocesano.com\/ourobranco\/","name":"CAOB","description":"Col\u00e9gio Arquidiocesano de Ouro Branco","publisher":{"@id":"https:\/\/arquidiocesano.com\/ourobranco\/#organization"},"potentialAction":[{"@type":"SearchAction","target":{"@type":"EntryPoint","urlTemplate":"https:\/\/arquidiocesano.com\/ourobranco\/?s={search_term_string}"},"query-input":{"@type":"PropertyValueSpecification","valueRequired":true,"valueName":"search_term_string"}}],"inLanguage":"pt-BR"},{"@type":"Organization","@id":"https:\/\/arquidiocesano.com\/ourobranco\/#organization","name":"Col\u00e9gio Arquidiocesano de Ouro Branco","url":"https:\/\/arquidiocesano.com\/ourobranco\/","logo":{"@type":"ImageObject","inLanguage":"pt-BR","@id":"https:\/\/arquidiocesano.com\/ourobranco\/#\/schema\/logo\/image\/","url":"https:\/\/arquidiocesano.com\/ourobranco\/wp-content\/uploads\/2026\/04\/caob-imagem-destacada.png","contentUrl":"https:\/\/arquidiocesano.com\/ourobranco\/wp-content\/uploads\/2026\/04\/caob-imagem-destacada.png","width":1200,"height":1200,"caption":"Col\u00e9gio Arquidiocesano de Ouro Branco"},"image":{"@id":"https:\/\/arquidiocesano.com\/ourobranco\/#\/schema\/logo\/image\/"},"sameAs":["https:\/\/www.facebook.com\/CAOB2016","https:\/\/www.instagram.com\/caobourobranco\/"]}]}},"_links":{"self":[{"href":"https:\/\/arquidiocesano.com\/ourobranco\/wp-json\/wp\/v2\/pages\/1420","targetHints":{"allow":["GET"]}}],"collection":[{"href":"https:\/\/arquidiocesano.com\/ourobranco\/wp-json\/wp\/v2\/pages"}],"about":[{"href":"https:\/\/arquidiocesano.com\/ourobranco\/wp-json\/wp\/v2\/types\/page"}],"author":[{"embeddable":true,"href":"https:\/\/arquidiocesano.com\/ourobranco\/wp-json\/wp\/v2\/users\/1"}],"replies":[{"embeddable":true,"href":"https:\/\/arquidiocesano.com\/ourobranco\/wp-json\/wp\/v2\/comments?post=1420"}],"version-history":[{"count":16,"href":"https:\/\/arquidiocesano.com\/ourobranco\/wp-json\/wp\/v2\/pages\/1420\/revisions"}],"predecessor-version":[{"id":1520,"href":"https:\/\/arquidiocesano.com\/ourobranco\/wp-json\/wp\/v2\/pages\/1420\/revisions\/1520"}],"up":[{"embeddable":true,"href":"https:\/\/arquidiocesano.com\/ourobranco\/wp-json\/wp\/v2\/pages\/1418"}],"wp:attachment":[{"href":"https:\/\/arquidiocesano.com\/ourobranco\/wp-json\/wp\/v2\/media?parent=1420"}],"curies":[{"name":"wp","href":"https:\/\/api.w.org\/{rel}","templated":true}]}}