{"id":1340,"date":"2026-04-10T09:35:32","date_gmt":"2026-04-10T12:35:32","guid":{"rendered":"https:\/\/arquidiocesano.com\/ourobranco\/?page_id=1340"},"modified":"2026-04-10T09:44:49","modified_gmt":"2026-04-10T12:44:49","slug":"projetos-de-trabalhos","status":"publish","type":"page","link":"https:\/\/arquidiocesano.com\/ourobranco\/pedagogico\/proposta-pedagogica\/projetos-de-trabalhos\/","title":{"rendered":"Projetos de Trabalhos"},"content":{"rendered":"\t\t<div data-elementor-type=\"wp-page\" data-elementor-id=\"1340\" class=\"elementor elementor-1340\" data-elementor-post-type=\"page\">\n\t\t\t\t<div class=\"elementor-element elementor-element-f709d11 e-flex e-con-boxed e-con e-parent\" data-id=\"f709d11\" data-element_type=\"container\" data-e-type=\"container\" data-settings=\"{&quot;background_background&quot;:&quot;gradient&quot;}\">\n\t\t\t\t\t<div class=\"e-con-inner\">\n\t\t\t\t<div class=\"elementor-element elementor-element-cc1d38a elementor-align-center elementor-mobile-align-left elementor-widget elementor-widget-breadcrumbs\" data-id=\"cc1d38a\" data-element_type=\"widget\" data-e-type=\"widget\" data-widget_type=\"breadcrumbs.default\">\n\t\t\t\t\t<p id=\"breadcrumbs\"><span><span><a href=\"https:\/\/arquidiocesano.com\/ourobranco\/\">In\u00edcio<\/a><\/span><\/span><\/p>\t\t\t\t<\/div>\n\t\t\t\t<div class=\"elementor-element elementor-element-44d6fee elementor-widget elementor-widget-heading\" data-id=\"44d6fee\" data-element_type=\"widget\" data-e-type=\"widget\" data-widget_type=\"heading.default\">\n\t\t\t\t\t<h1 class=\"elementor-heading-title elementor-size-default\">Projetos de Trabalhos<\/h1>\t\t\t\t<\/div>\n\t\t\t\t<div class=\"elementor-element elementor-element-73a13c1 elementor-widget elementor-widget-heading\" data-id=\"73a13c1\" data-element_type=\"widget\" data-e-type=\"widget\" data-widget_type=\"heading.default\">\n\t\t\t\t\t<h2 class=\"elementor-heading-title elementor-size-default\">Col\u00e9gio Arquidiocesano de Ouro Branco<\/h2>\t\t\t\t<\/div>\n\t\t\t\t\t<\/div>\n\t\t\t\t<\/div>\n\t\t<div class=\"elementor-element elementor-element-3aba2c3 e-flex e-con-boxed e-con e-parent\" data-id=\"3aba2c3\" data-element_type=\"container\" data-e-type=\"container\">\n\t\t\t\t\t<div class=\"e-con-inner\">\n\t\t\t\t<div class=\"elementor-element elementor-element-d12f9e1 elementor-widget elementor-widget-text-editor\" data-id=\"d12f9e1\" data-element_type=\"widget\" data-e-type=\"widget\" data-widget_type=\"text-editor.default\">\n\t\t\t\t\t\t\t\t\t<div data-canvas-width=\"331.32\"><div data-canvas-width=\"326.8999999999999\"><p align=\"right\"><i>\u201cProjeto \u2013 etimol\u00f3gico: latim projectu, que significa lan\u00e7ado para diante. Forma de executar ou realizar algo. No futuro significa plano, intento, des\u00edgnio\u201d.<\/i><\/p><p>Os projetos s\u00e3o fontes de investiga\u00e7\u00e3o e cria\u00e7\u00e3o, que passam por um processo de pesquisa para aprofundamento, an\u00e1lise, depura\u00e7\u00e3o e cria\u00e7\u00e3o de novas hip\u00f3teses, colocam em prova a todo o momento as diferentes potencialidades dos elementos do grupo, assim como as suas limita\u00e7\u00f5es.<\/p><p>Os projetos s\u00e3o, ainda, mecanismos que propiciam a intera\u00e7\u00e3o e o confronto entre sujeito e o objeto de conhecimento.<\/p><p>O Col\u00e9gio Arquidiocesano trabalha com projetos de forma interdisciplinar. Prioriza o enfoque e o processo de aprendizagem em diferentes \u00e1reas do conhecimento e suas dimens\u00f5es, para auxiliar a forma\u00e7\u00e3o do sujeito para uma nova postura mental em rela\u00e7\u00e3o ao conte\u00fado estudado e com compromisso de atuar na transforma\u00e7\u00e3o social.<\/p><p>Algumas vantagens de trabalhar com projetos:<\/p><ul><li>Integrar saberes;<br \/><br \/><\/li><li>Propiciar maior intera\u00e7\u00e3o entre os alunos;<br \/><br \/><\/li><li>Possibilitar o atendimento a diversidade do grupo;<br \/><br \/><\/li><li>Auxiliar no desenvolvimento da autonomia, da criatividade, das rela\u00e7\u00f5es interpessoais e cooperatividade;<br \/><br \/><\/li><li>Enxergar rela\u00e7\u00f5es al\u00e9m das disciplinas de tal forma a interpretar o mundo, a realidade e a sociedade na qual est\u00e3o inseridos.<\/li><\/ul><\/div><\/div>\t\t\t\t\t\t\t\t<\/div>\n\t\t\t\t\t<\/div>\n\t\t\t\t<\/div>\n\t\t\t\t<\/div>\n\t\t","protected":false},"excerpt":{"rendered":"<p>Projetos de Trabalhos Col\u00e9gio Arquidiocesano de Ouro Branco \u201cProjeto \u2013 etimol\u00f3gico: latim projectu, que significa lan\u00e7ado para diante. Forma de executar ou realizar algo. No futuro significa plano, intento, des\u00edgnio\u201d. Os projetos s\u00e3o fontes de investiga\u00e7\u00e3o e cria\u00e7\u00e3o, que passam por um processo de pesquisa para aprofundamento, an\u00e1lise, depura\u00e7\u00e3o e cria\u00e7\u00e3o de novas hip\u00f3teses, colocam [&hellip;]<\/p>\n","protected":false},"author":1,"featured_media":0,"parent":1331,"menu_order":0,"comment_status":"closed","ping_status":"closed","template":"","meta":{"inline_featured_image":false,"footnotes":""},"class_list":["post-1340","page","type-page","status-publish","hentry"],"yoast_head":"<!-- This site is optimized with the Yoast SEO plugin v27.4 - https:\/\/yoast.com\/product\/yoast-seo-wordpress\/ -->\n<title>Projetos de Trabalhos - CAOB<\/title>\n<meta name=\"robots\" content=\"index, follow, max-snippet:-1, max-image-preview:large, max-video-preview:-1\" \/>\n<link rel=\"canonical\" href=\"https:\/\/arquidiocesano.com\/ourobranco\/pedagogico\/proposta-pedagogica\/projetos-de-trabalhos\/\" \/>\n<meta property=\"og:locale\" content=\"pt_BR\" \/>\n<meta property=\"og:type\" content=\"article\" \/>\n<meta property=\"og:title\" content=\"Projetos de Trabalhos - CAOB\" \/>\n<meta property=\"og:description\" content=\"Projetos de Trabalhos Col\u00e9gio Arquidiocesano de Ouro Branco \u201cProjeto \u2013 etimol\u00f3gico: latim projectu, que significa lan\u00e7ado para diante. Forma de executar ou realizar algo. No futuro significa plano, intento, des\u00edgnio\u201d. Os projetos s\u00e3o fontes de investiga\u00e7\u00e3o e cria\u00e7\u00e3o, que passam por um processo de pesquisa para aprofundamento, an\u00e1lise, depura\u00e7\u00e3o e cria\u00e7\u00e3o de novas hip\u00f3teses, colocam [&hellip;]\" \/>\n<meta property=\"og:url\" content=\"https:\/\/arquidiocesano.com\/ourobranco\/pedagogico\/proposta-pedagogica\/projetos-de-trabalhos\/\" \/>\n<meta property=\"og:site_name\" content=\"CAOB\" \/>\n<meta property=\"article:publisher\" content=\"https:\/\/www.facebook.com\/CAOB2016\" \/>\n<meta property=\"article:modified_time\" content=\"2026-04-10T12:44:49+00:00\" \/>\n<meta name=\"twitter:card\" content=\"summary_large_image\" \/>\n<meta name=\"twitter:label1\" content=\"Est. tempo de leitura\" \/>\n\t<meta name=\"twitter:data1\" content=\"2 minutos\" \/>\n<script type=\"application\/ld+json\" class=\"yoast-schema-graph\">{\"@context\":\"https:\\\/\\\/schema.org\",\"@graph\":[{\"@type\":\"WebPage\",\"@id\":\"https:\\\/\\\/arquidiocesano.com\\\/ourobranco\\\/pedagogico\\\/proposta-pedagogica\\\/projetos-de-trabalhos\\\/\",\"url\":\"https:\\\/\\\/arquidiocesano.com\\\/ourobranco\\\/pedagogico\\\/proposta-pedagogica\\\/projetos-de-trabalhos\\\/\",\"name\":\"Projetos de Trabalhos - CAOB\",\"isPartOf\":{\"@id\":\"https:\\\/\\\/arquidiocesano.com\\\/ourobranco\\\/#website\"},\"datePublished\":\"2026-04-10T12:35:32+00:00\",\"dateModified\":\"2026-04-10T12:44:49+00:00\",\"breadcrumb\":{\"@id\":\"https:\\\/\\\/arquidiocesano.com\\\/ourobranco\\\/pedagogico\\\/proposta-pedagogica\\\/projetos-de-trabalhos\\\/#breadcrumb\"},\"inLanguage\":\"pt-BR\",\"potentialAction\":[{\"@type\":\"ReadAction\",\"target\":[\"https:\\\/\\\/arquidiocesano.com\\\/ourobranco\\\/pedagogico\\\/proposta-pedagogica\\\/projetos-de-trabalhos\\\/\"]}]},{\"@type\":\"BreadcrumbList\",\"@id\":\"https:\\\/\\\/arquidiocesano.com\\\/ourobranco\\\/pedagogico\\\/proposta-pedagogica\\\/projetos-de-trabalhos\\\/#breadcrumb\",\"itemListElement\":[{\"@type\":\"ListItem\",\"position\":1,\"name\":\"In\u00edcio\",\"item\":\"https:\\\/\\\/arquidiocesano.com\\\/ourobranco\\\/\"},{\"@type\":\"ListItem\",\"position\":2,\"name\":\"Pedag\u00f3gico\",\"item\":\"https:\\\/\\\/arquidiocesano.com\\\/ourobranco\\\/pedagogico\\\/\"},{\"@type\":\"ListItem\",\"position\":3,\"name\":\"Proposta Pedag\u00f3gica\",\"item\":\"https:\\\/\\\/arquidiocesano.com\\\/ourobranco\\\/pedagogico\\\/proposta-pedagogica\\\/\"},{\"@type\":\"ListItem\",\"position\":4,\"name\":\"Projetos de Trabalhos\"}]},{\"@type\":\"WebSite\",\"@id\":\"https:\\\/\\\/arquidiocesano.com\\\/ourobranco\\\/#website\",\"url\":\"https:\\\/\\\/arquidiocesano.com\\\/ourobranco\\\/\",\"name\":\"CAOB\",\"description\":\"Col\u00e9gio Arquidiocesano de Ouro Branco\",\"publisher\":{\"@id\":\"https:\\\/\\\/arquidiocesano.com\\\/ourobranco\\\/#organization\"},\"potentialAction\":[{\"@type\":\"SearchAction\",\"target\":{\"@type\":\"EntryPoint\",\"urlTemplate\":\"https:\\\/\\\/arquidiocesano.com\\\/ourobranco\\\/?s={search_term_string}\"},\"query-input\":{\"@type\":\"PropertyValueSpecification\",\"valueRequired\":true,\"valueName\":\"search_term_string\"}}],\"inLanguage\":\"pt-BR\"},{\"@type\":\"Organization\",\"@id\":\"https:\\\/\\\/arquidiocesano.com\\\/ourobranco\\\/#organization\",\"name\":\"Col\u00e9gio Arquidiocesano de Ouro Branco\",\"url\":\"https:\\\/\\\/arquidiocesano.com\\\/ourobranco\\\/\",\"logo\":{\"@type\":\"ImageObject\",\"inLanguage\":\"pt-BR\",\"@id\":\"https:\\\/\\\/arquidiocesano.com\\\/ourobranco\\\/#\\\/schema\\\/logo\\\/image\\\/\",\"url\":\"https:\\\/\\\/arquidiocesano.com\\\/ourobranco\\\/wp-content\\\/uploads\\\/2026\\\/04\\\/caob-imagem-destacada.png\",\"contentUrl\":\"https:\\\/\\\/arquidiocesano.com\\\/ourobranco\\\/wp-content\\\/uploads\\\/2026\\\/04\\\/caob-imagem-destacada.png\",\"width\":1200,\"height\":1200,\"caption\":\"Col\u00e9gio Arquidiocesano de Ouro Branco\"},\"image\":{\"@id\":\"https:\\\/\\\/arquidiocesano.com\\\/ourobranco\\\/#\\\/schema\\\/logo\\\/image\\\/\"},\"sameAs\":[\"https:\\\/\\\/www.facebook.com\\\/CAOB2016\",\"https:\\\/\\\/www.instagram.com\\\/caobourobranco\\\/\"]}]}<\/script>\n<!-- \/ Yoast SEO plugin. -->","yoast_head_json":{"title":"Projetos de Trabalhos - CAOB","robots":{"index":"index","follow":"follow","max-snippet":"max-snippet:-1","max-image-preview":"max-image-preview:large","max-video-preview":"max-video-preview:-1"},"canonical":"https:\/\/arquidiocesano.com\/ourobranco\/pedagogico\/proposta-pedagogica\/projetos-de-trabalhos\/","og_locale":"pt_BR","og_type":"article","og_title":"Projetos de Trabalhos - CAOB","og_description":"Projetos de Trabalhos Col\u00e9gio Arquidiocesano de Ouro Branco \u201cProjeto \u2013 etimol\u00f3gico: latim projectu, que significa lan\u00e7ado para diante. Forma de executar ou realizar algo. No futuro significa plano, intento, des\u00edgnio\u201d. Os projetos s\u00e3o fontes de investiga\u00e7\u00e3o e cria\u00e7\u00e3o, que passam por um processo de pesquisa para aprofundamento, an\u00e1lise, depura\u00e7\u00e3o e cria\u00e7\u00e3o de novas hip\u00f3teses, colocam [&hellip;]","og_url":"https:\/\/arquidiocesano.com\/ourobranco\/pedagogico\/proposta-pedagogica\/projetos-de-trabalhos\/","og_site_name":"CAOB","article_publisher":"https:\/\/www.facebook.com\/CAOB2016","article_modified_time":"2026-04-10T12:44:49+00:00","twitter_card":"summary_large_image","twitter_misc":{"Est. tempo de leitura":"2 minutos"},"schema":{"@context":"https:\/\/schema.org","@graph":[{"@type":"WebPage","@id":"https:\/\/arquidiocesano.com\/ourobranco\/pedagogico\/proposta-pedagogica\/projetos-de-trabalhos\/","url":"https:\/\/arquidiocesano.com\/ourobranco\/pedagogico\/proposta-pedagogica\/projetos-de-trabalhos\/","name":"Projetos de Trabalhos - CAOB","isPartOf":{"@id":"https:\/\/arquidiocesano.com\/ourobranco\/#website"},"datePublished":"2026-04-10T12:35:32+00:00","dateModified":"2026-04-10T12:44:49+00:00","breadcrumb":{"@id":"https:\/\/arquidiocesano.com\/ourobranco\/pedagogico\/proposta-pedagogica\/projetos-de-trabalhos\/#breadcrumb"},"inLanguage":"pt-BR","potentialAction":[{"@type":"ReadAction","target":["https:\/\/arquidiocesano.com\/ourobranco\/pedagogico\/proposta-pedagogica\/projetos-de-trabalhos\/"]}]},{"@type":"BreadcrumbList","@id":"https:\/\/arquidiocesano.com\/ourobranco\/pedagogico\/proposta-pedagogica\/projetos-de-trabalhos\/#breadcrumb","itemListElement":[{"@type":"ListItem","position":1,"name":"In\u00edcio","item":"https:\/\/arquidiocesano.com\/ourobranco\/"},{"@type":"ListItem","position":2,"name":"Pedag\u00f3gico","item":"https:\/\/arquidiocesano.com\/ourobranco\/pedagogico\/"},{"@type":"ListItem","position":3,"name":"Proposta Pedag\u00f3gica","item":"https:\/\/arquidiocesano.com\/ourobranco\/pedagogico\/proposta-pedagogica\/"},{"@type":"ListItem","position":4,"name":"Projetos de Trabalhos"}]},{"@type":"WebSite","@id":"https:\/\/arquidiocesano.com\/ourobranco\/#website","url":"https:\/\/arquidiocesano.com\/ourobranco\/","name":"CAOB","description":"Col\u00e9gio Arquidiocesano de Ouro Branco","publisher":{"@id":"https:\/\/arquidiocesano.com\/ourobranco\/#organization"},"potentialAction":[{"@type":"SearchAction","target":{"@type":"EntryPoint","urlTemplate":"https:\/\/arquidiocesano.com\/ourobranco\/?s={search_term_string}"},"query-input":{"@type":"PropertyValueSpecification","valueRequired":true,"valueName":"search_term_string"}}],"inLanguage":"pt-BR"},{"@type":"Organization","@id":"https:\/\/arquidiocesano.com\/ourobranco\/#organization","name":"Col\u00e9gio Arquidiocesano de Ouro Branco","url":"https:\/\/arquidiocesano.com\/ourobranco\/","logo":{"@type":"ImageObject","inLanguage":"pt-BR","@id":"https:\/\/arquidiocesano.com\/ourobranco\/#\/schema\/logo\/image\/","url":"https:\/\/arquidiocesano.com\/ourobranco\/wp-content\/uploads\/2026\/04\/caob-imagem-destacada.png","contentUrl":"https:\/\/arquidiocesano.com\/ourobranco\/wp-content\/uploads\/2026\/04\/caob-imagem-destacada.png","width":1200,"height":1200,"caption":"Col\u00e9gio Arquidiocesano de Ouro Branco"},"image":{"@id":"https:\/\/arquidiocesano.com\/ourobranco\/#\/schema\/logo\/image\/"},"sameAs":["https:\/\/www.facebook.com\/CAOB2016","https:\/\/www.instagram.com\/caobourobranco\/"]}]}},"_links":{"self":[{"href":"https:\/\/arquidiocesano.com\/ourobranco\/wp-json\/wp\/v2\/pages\/1340","targetHints":{"allow":["GET"]}}],"collection":[{"href":"https:\/\/arquidiocesano.com\/ourobranco\/wp-json\/wp\/v2\/pages"}],"about":[{"href":"https:\/\/arquidiocesano.com\/ourobranco\/wp-json\/wp\/v2\/types\/page"}],"author":[{"embeddable":true,"href":"https:\/\/arquidiocesano.com\/ourobranco\/wp-json\/wp\/v2\/users\/1"}],"replies":[{"embeddable":true,"href":"https:\/\/arquidiocesano.com\/ourobranco\/wp-json\/wp\/v2\/comments?post=1340"}],"version-history":[{"count":10,"href":"https:\/\/arquidiocesano.com\/ourobranco\/wp-json\/wp\/v2\/pages\/1340\/revisions"}],"predecessor-version":[{"id":1369,"href":"https:\/\/arquidiocesano.com\/ourobranco\/wp-json\/wp\/v2\/pages\/1340\/revisions\/1369"}],"up":[{"embeddable":true,"href":"https:\/\/arquidiocesano.com\/ourobranco\/wp-json\/wp\/v2\/pages\/1331"}],"wp:attachment":[{"href":"https:\/\/arquidiocesano.com\/ourobranco\/wp-json\/wp\/v2\/media?parent=1340"}],"curies":[{"name":"wp","href":"https:\/\/api.w.org\/{rel}","templated":true}]}}